{"id":17096,"date":"2025-02-03T13:43:26","date_gmt":"2025-02-03T13:43:26","guid":{"rendered":"https:\/\/www.berti.net\/parquet-de-tacos-curvados\/"},"modified":"2025-09-26T07:27:40","modified_gmt":"2025-09-26T07:27:40","slug":"parquet-de-tacos-curvados","status":"publish","type":"page","link":"https:\/\/berti.net\/es\/parquet-de-tacos-curvados\/","title":{"rendered":"Parquet en espiga curvado"},"content":{"rendered":"\n<div class=\"wp-block-group alignfull hero-title-slider-pattern has-global-padding is-layout-constrained wp-block-group-is-layout-constrained\">\n<div class=\"wp-block-cover alignfull banner-hero has-aspect-ratio wp-duotone-unset-1\" style=\"padding-top:0px;padding-right:0;padding-bottom:0px;padding-left:0;min-height:516px;aspect-ratio:auto;min-height:unset;\"><img loading=\"lazy\" decoding=\"async\" width=\"1600\" height=\"1200\" class=\"wp-block-cover__image-background wp-image-13233\" alt=\"\" src=\"https:\/\/www.berti.net\/wp-content\/uploads\/Berti_spina_curva_bg.jpg\" data-object-fit=\"cover\" srcset=\"https:\/\/berti.net\/wp-content\/uploads\/Berti_spina_curva_bg.jpg 1600w, https:\/\/berti.net\/wp-content\/uploads\/Berti_spina_curva_bg-812x609.jpg 812w, https:\/\/berti.net\/wp-content\/uploads\/Berti_spina_curva_bg-768x576.jpg 768w, https:\/\/berti.net\/wp-content\/uploads\/Berti_spina_curva_bg-1536x1152.jpg 1536w\" sizes=\"auto, (max-width: 1600px) 100vw, 1600px\" \/><span aria-hidden=\"true\" class=\"wp-block-cover__background has-background-dim-70 has-background-dim wp-block-cover__gradient-background has-background-gradient\" style=\"background:linear-gradient(180deg,rgba(25,25,25,0) 0%,rgb(25,25,25) 100%)\"><\/span><div class=\"wp-block-cover__inner-container is-layout-flow wp-block-cover-is-layout-flow\">\n<div class=\"wp-block-group banner-hero-content has-global-padding is-layout-constrained wp-container-core-group-is-layout-a05d3a21 wp-block-group-is-layout-constrained\">\n<div class=\"wp-block-group has-global-padding is-layout-constrained wp-container-core-group-is-layout-b831be90 wp-block-group-is-layout-constrained\"><h1 style=\"line-height:1;text-transform:uppercase;\" class=\"has-text-align-center has-link-color wp-elements-a5fdec94e3cace30e3d3b888b881736c wp-block-post-title has-text-color has-base-3-color has-heading-font-family\">Parquet en espiga curvado<\/h1>\n\n\n<h2 class=\"wp-block-heading has-text-align-center has-ml-font-size\">Una revoluci\u00f3n en el dise\u00f1o del parquet<\/h2>\n<\/div>\n<\/div>\n<\/div><\/div>\n\n\n\n<div class=\"wp-block-group alignfull slider-hero has-global-padding is-layout-constrained wp-block-group-is-layout-constrained\">\n<figure class=\"wp-block-image size-full\"><img loading=\"lazy\" decoding=\"async\" width=\"1160\" height=\"600\" src=\"https:\/\/www.berti.net\/wp-content\/uploads\/Berti_spina_curva-1.jpg\" alt=\"\" class=\"wp-image-13246\" srcset=\"https:\/\/berti.net\/wp-content\/uploads\/Berti_spina_curva-1.jpg 1160w, https:\/\/berti.net\/wp-content\/uploads\/Berti_spina_curva-1-812x420.jpg 812w, https:\/\/berti.net\/wp-content\/uploads\/Berti_spina_curva-1-768x397.jpg 768w\" sizes=\"auto, (max-width: 1160px) 100vw, 1160px\" \/><\/figure>\n<\/div>\n<\/div>\n\n<div class=\"wp-block-group alignwide has-global-padding is-layout-constrained wp-container-core-group-is-layout-92dded1c wp-block-group-is-layout-constrained\" style=\"margin-top:var(--wp--preset--spacing--120);margin-bottom:var(--wp--preset--spacing--120)\">\n<div class=\"wp-block-group title-text-indented-pattern is-style-default has-global-padding is-layout-constrained wp-container-core-group-is-layout-f36bc466 wp-block-group-is-layout-constrained\">\n<h3 class=\"wp-block-heading has-text-color\" style=\"color:#000000\">Berti Pavimenti Legno presenta una importante novedad, el Parquet <strong>en Espiga Curvo<\/strong>.<\/h3>\n\n\n\n<div class=\"wp-block-group has-global-padding is-layout-constrained wp-block-group-is-layout-constrained\">\n<p class=\"has-text-color has-m-22-font-size\" style=\"line-height:1.5\">Esta extraordinaria novedad fue creada para reinterpretar una gran <strong>espina de pescado<\/strong> cl\u00e1sica, combinando la artesan\u00eda tradicional con el dise\u00f1o contempor\u00e1neo para ofrecer una soluci\u00f3n que a\u00fana innovaci\u00f3n, elegancia y <strong>estilo contempor\u00e1neo<\/strong>.<\/p>\n\n\n\n<p class=\"has-text-color has-m-22-font-size\" style=\"line-height:1.5\">El dise\u00f1o exclusivo de la Espiga Curvada se caracteriza por una forma sinuosa y armoniosa, que crea un flujo visual continuo y una sensaci\u00f3n de movimiento fluido y din\u00e1mico en las estancias, una l\u00ednea que anticipa las recientes tendencias <strong>en dise\u00f1o de interiores<\/strong>.<\/p>\n<\/div>\n<\/div>\n<\/div>\n\n<div class=\"wp-block-group has-global-padding is-layout-constrained wp-container-core-group-is-layout-873d44f9 wp-block-group-is-layout-constrained\" style=\"margin-top:var(--wp--preset--spacing--60);margin-bottom:var(--wp--preset--spacing--60)\">\n<div class=\"wp-block-columns is-layout-flex wp-container-core-columns-is-layout-28f84493 wp-block-columns-is-layout-flex\">\n<div class=\"wp-block-column is-layout-flow wp-block-column-is-layout-flow\">\n<div class=\"wp-block-cover is-light has-custom-content-position is-position-bottom-center is-style-full-linked\"><img loading=\"lazy\" decoding=\"async\" width=\"1600\" height=\"1964\" class=\"wp-block-cover__image-background wp-image-13261\" alt=\"\" src=\"https:\/\/www.berti.net\/wp-content\/uploads\/malaspina_3.jpg\" data-object-fit=\"cover\" srcset=\"https:\/\/berti.net\/wp-content\/uploads\/malaspina_3.jpg 1600w, https:\/\/berti.net\/wp-content\/uploads\/malaspina_3-662x812.jpg 662w, https:\/\/berti.net\/wp-content\/uploads\/malaspina_3-1564x1920.jpg 1564w, https:\/\/berti.net\/wp-content\/uploads\/malaspina_3-768x943.jpg 768w, https:\/\/berti.net\/wp-content\/uploads\/malaspina_3-1251x1536.jpg 1251w\" sizes=\"auto, (max-width: 1600px) 100vw, 1600px\" \/><span aria-hidden=\"true\" class=\"wp-block-cover__background has-background-dim-0 has-background-dim\"><\/span><div class=\"wp-block-cover__inner-container has-global-padding is-layout-constrained wp-container-core-cover-is-layout-b4332228 wp-block-cover-is-layout-constrained\">\n<h4 class=\"wp-block-heading has-text-align-left has-contrast-2-color has-text-color has-link-color has-ml-font-size wp-elements-c2d5b63ee3389b72abe3294ee61b2927\" style=\"line-height:1.2\"><a href=\"https:\/\/www.berti.net\/es\/product\/malaspina-2\/\">MALASPINA<\/a><\/h4>\n\n\n\n<p class=\"has-text-align-left is-style-default has-contrast-2-color has-text-color has-link-color has-m-font-size wp-elements-7966261d705f01c62ceabb9ef0c5fa22\" style=\"margin-top:0;line-height:1.2\"><a href=\"https:\/\/www.berti.net\/es\/product\/malaspina-2\/\">Parquet Roble Neutro<\/a><\/p>\n<\/div><\/div>\n<\/div>\n\n\n\n<div class=\"wp-block-column is-layout-flow wp-block-column-is-layout-flow\">\n<div class=\"wp-block-cover is-light has-custom-content-position is-position-bottom-center is-style-full-linked\"><img loading=\"lazy\" decoding=\"async\" width=\"1200\" height=\"1473\" class=\"wp-block-cover__image-background wp-image-13277\" alt=\"\" src=\"https:\/\/www.berti.net\/wp-content\/uploads\/rotonda_3-1.jpg\" data-object-fit=\"cover\" srcset=\"https:\/\/berti.net\/wp-content\/uploads\/rotonda_3-1.jpg 1200w, https:\/\/berti.net\/wp-content\/uploads\/rotonda_3-1-662x812.jpg 662w, https:\/\/berti.net\/wp-content\/uploads\/rotonda_3-1-768x943.jpg 768w\" sizes=\"auto, (max-width: 1200px) 100vw, 1200px\" \/><span aria-hidden=\"true\" class=\"wp-block-cover__background has-background-dim-0 has-background-dim\" style=\"background-color:#ae987e\"><\/span><div class=\"wp-block-cover__inner-container has-global-padding is-layout-constrained wp-container-core-cover-is-layout-b4332228 wp-block-cover-is-layout-constrained\">\n<h3 class=\"wp-block-heading has-text-align-left has-contrast-2-color has-text-color has-link-color has-ml-font-size wp-elements-3fe4af0c5b85d90282efc9f4ca37c9d2\"><a href=\"https:\/\/www.berti.net\/es\/product\/la-rotonda-2\/\">LA ROTUNDA<\/a><\/h3>\n\n\n\n<p class=\"has-text-align-left is-style-default has-contrast-2-color has-text-color has-link-color has-m-font-size wp-elements-3c5a79028073178247318cb8cbf417d3\" style=\"margin-top:0;line-height:1.2\"><a href=\"https:\/\/www.berti.net\/es\/product\/la-rotonda-2\/\">Parquet Roble Neutro<\/a><\/p>\n<\/div><\/div>\n<\/div>\n<\/div>\n<\/div>\n\n<div class=\"wp-block-media-text alignfull is-stacked-on-mobile is-vertically-aligned-center is-image-fill-element has-base-3-color has-base-2-background-color has-text-color has-background has-link-color wp-elements-63229b7131b1e2562e6daaa72d071b00\"><figure class=\"wp-block-media-text__media\"><img loading=\"lazy\" decoding=\"async\" width=\"1564\" height=\"1920\" src=\"https:\/\/www.berti.net\/wp-content\/uploads\/malaspina_2-1564x1920.jpg\" alt=\"\" class=\"wp-image-13258 size-full\" style=\"object-position:50% 50%\" srcset=\"https:\/\/berti.net\/wp-content\/uploads\/malaspina_2-1564x1920.jpg 1564w, https:\/\/berti.net\/wp-content\/uploads\/malaspina_2-662x812.jpg 662w, https:\/\/berti.net\/wp-content\/uploads\/malaspina_2-768x943.jpg 768w, https:\/\/berti.net\/wp-content\/uploads\/malaspina_2-1251x1536.jpg 1251w, https:\/\/berti.net\/wp-content\/uploads\/malaspina_2.jpg 1600w\" sizes=\"auto, (max-width: 1564px) 100vw, 1564px\" \/><\/figure><div class=\"wp-block-media-text__content\">\n<div class=\"wp-block-group animated fadeInUp has-global-padding is-layout-constrained wp-container-core-group-is-layout-42c4862e wp-block-group-is-layout-constrained\" style=\"padding-top:var(--wp--preset--spacing--100);padding-right:var(--wp--preset--spacing--50);padding-bottom:var(--wp--preset--spacing--100);padding-left:5%\">\n<p class=\"has-text-color has-link-color wp-elements-cb23088c6b796decd91b9f05565e342c\" style=\"color:#f4f4f4;line-height:1.5\"><strong>SPINE<\/strong> representa un lenguaje est\u00e9tico que realza los interiores con <strong>elegancia y originalidad<\/strong>. Las l\u00edneas curvas, h\u00e1bilmente trabajadas, crean un dinamismo visual que encaja en cualquier ambiente, d\u00e1ndole personalidad y calidez. Los acabados <strong>ecol\u00f3gicos<\/strong>, sin disolventes ni formaldeh\u00eddos, garantizan <strong>resistencia<\/strong>, <strong>durabilidad<\/strong> y respeto por el medio ambiente.  <\/p>\n\n\n\n<p><strong>Descubre c\u00f3mo SPINE puede revolucionar tu espacio.<\/strong><\/p>\n\n\n\n<div class=\"wp-block-buttons is-layout-flex wp-block-buttons-is-layout-flex\">\n<div class=\"wp-block-button o-typing-slower o-typing-delay-100ms is-style-link\"><a class=\"wp-block-button__link has-base-3-color has-text-color has-link-color has-xxs-font-size has-custom-font-size wp-element-button\" href=\"https:\/\/www.berti.net\/es\/tipos-de-colocacion-parquet-machihembrado\/\"><strong><o-anim-typing>M\u00e1s informaci\u00f3n<\/o-anim-typing><\/strong><\/a><\/div>\n<\/div>\n<\/div>\n<\/div><\/div>\n\n<div class=\"wp-block-cover alignfull is-light estimate-request-content animated fadeIn\" style=\"margin-top:0\"><img decoding=\"async\" class=\"wp-block-cover__image-background\" alt=\"\" src=\"https:\/\/www.berti.net\/wp-content\/themes\/thombase\/public\/images\/estimateBanner.webp\" data-object-fit=\"cover\"\/><span aria-hidden=\"true\" class=\"wp-block-cover__background has-background-dim-0 has-background-dim\"><\/span><div class=\"wp-block-cover__inner-container has-global-padding is-layout-constrained wp-block-cover-is-layout-constrained\">\n<div id=\"estimate\" class=\"wp-block-group alignleft estimate-request-content-inner has-global-padding is-content-justification-left is-layout-constrained wp-container-core-group-is-layout-94054b8f wp-block-group-is-layout-constrained\">\n<h5 class=\"wp-block-heading\">Pide <strong>presupuesto<\/strong>,<br\/>entra en el mundo Berti<\/h5>\n\n\n\n<p style=\"line-height:1.5\">\n  Rellena el formulario para solicitar un presupuesto. Recibir\u00e1s una respuesta de nuestro personal en breve. \n            <\/p>\n\n\n\n<div class=\"wp-block-buttons is-layout-flex wp-block-buttons-is-layout-flex\">\n<div class=\"wp-block-button is-style-link\"><a class=\"wp-block-button__link wp-element-button\" href=\"https:\/\/www.berti.net\/es\/solicita-preventivo-2\/\">SOLICITA AHORA<\/a><\/div>\n<\/div>\n<\/div>\n<\/div><\/div>\n","protected":false},"excerpt":{"rendered":"<p>Berti Pavimenti Legno presenta una importante novedad, el Parquet en Espiga Curvo. Esta extraordinaria novedad fue creada para reinterpretar una gran espina de pescado cl\u00e1sica, combinando la artesan\u00eda tradicional con el dise\u00f1o contempor\u00e1neo para ofrecer una soluci\u00f3n que a\u00fana innovaci\u00f3n, elegancia y estilo contempor\u00e1neo. El dise\u00f1o exclusivo de la Espiga Curvada se caracteriza por una forma sinuosa y armoniosa, que [&hellip;]<\/p>\n","protected":false},"author":2,"featured_media":0,"parent":0,"menu_order":0,"comment_status":"closed","ping_status":"closed","template":"page-with-overlying-header","meta":{"footnotes":""},"class_list":["post-17096","page","type-page","status-publish","hentry"],"_links":{"self":[{"href":"https:\/\/berti.net\/es\/wp-json\/wp\/v2\/pages\/17096","targetHints":{"allow":["GET"]}}],"collection":[{"href":"https:\/\/berti.net\/es\/wp-json\/wp\/v2\/pages"}],"about":[{"href":"https:\/\/berti.net\/es\/wp-json\/wp\/v2\/types\/page"}],"author":[{"embeddable":true,"href":"https:\/\/berti.net\/es\/wp-json\/wp\/v2\/users\/2"}],"replies":[{"embeddable":true,"href":"https:\/\/berti.net\/es\/wp-json\/wp\/v2\/comments?post=17096"}],"version-history":[{"count":10,"href":"https:\/\/berti.net\/es\/wp-json\/wp\/v2\/pages\/17096\/revisions"}],"predecessor-version":[{"id":27180,"href":"https:\/\/berti.net\/es\/wp-json\/wp\/v2\/pages\/17096\/revisions\/27180"}],"wp:attachment":[{"href":"https:\/\/berti.net\/es\/wp-json\/wp\/v2\/media?parent=17096"}],"curies":[{"name":"wp","href":"https:\/\/api.w.org\/{rel}","templated":true}]}}