{"id":17094,"date":"2025-01-15T10:31:36","date_gmt":"2025-01-15T10:31:36","guid":{"rendered":"https:\/\/www.berti.net\/politica-de-cookies\/"},"modified":"2025-04-07T08:50:50","modified_gmt":"2025-04-07T08:50:50","slug":"politica-de-cookies","status":"publish","type":"page","link":"https:\/\/berti.net\/es\/politica-de-cookies\/","title":{"rendered":"Pol\u00edtica de cookies"},"content":{"rendered":"\n<div class=\"wp-block-group alignfull hero-title-slider-pattern has-global-padding is-layout-constrained wp-block-group-is-layout-constrained\">\n<div class=\"wp-block-group banner-hero-content has-global-padding is-layout-constrained wp-container-core-group-is-layout-09a7d114 wp-block-group-is-layout-constrained\" style=\"margin-top:var(--wp--preset--spacing--70);margin-bottom:var(--wp--preset--spacing--30)\">\n<div class=\"wp-block-group is-style-container has-global-padding is-layout-constrained wp-container-core-group-is-layout-a816393c wp-block-group-is-layout-constrained\">\n<h1 class=\"wp-block-heading has-text-align-center has-xxl-font-size\" style=\"margin-bottom:16px;letter-spacing:0px;line-height:1\">Pol\u00edtica de cookies<\/h1>\n<\/div>\n<\/div>\n<\/div>\n\n<div class=\"wp-block-group is-style-container has-global-padding is-layout-constrained wp-block-group-is-layout-constrained\" style=\"padding-top:var(--wp--preset--spacing--60);padding-bottom:var(--wp--preset--spacing--60)\">\n<p>Este sitio web utiliza cookies. Utilizamos cookies para personalizar el contenido y los anuncios, para proporcionar funciones de medios sociales y para analizar nuestro tr\u00e1fico. Tambi\u00e9n compartimos informaci\u00f3n sobre c\u00f3mo utilizas nuestro sitio con nuestros socios de an\u00e1lisis web, publicidad y redes sociales, que pueden combinarla con otra informaci\u00f3n que les hayas proporcionado o que hayan recopilado de tu uso de sus servicios.  <\/p>\n\n\n\n<p>Las cookies son peque\u00f1os archivos de texto que pueden ser utilizados por los sitios web para hacer que la experiencia del usuario sea m\u00e1s eficiente.<br\/><br\/>La ley establece que podemos almacenar cookies en tu dispositivo si son estrictamente necesarias para el funcionamiento de este sitio. Para todos los dem\u00e1s tipos de cookies necesitamos tu consentimiento. <br\/><br\/>Este sitio utiliza diferentes tipos de cookies. Algunas cookies son colocadas por servicios de terceros que aparecen en nuestras p\u00e1ginas. <br\/><br\/>Puedes cambiar o revocar tu consentimiento en cualquier momento desde la Declaraci\u00f3n de Cookies de nuestro sitio web.<br\/><br\/>Obt\u00e9n m\u00e1s informaci\u00f3n sobre qui\u00e9nes somos, c\u00f3mo puedes ponerte en contacto con nosotros y c\u00f3mo procesamos los datos personales en nuestra Pol\u00edtica de privacidad.<br\/><br\/>Especifica tu ID de consentimiento y la fecha en la que te pusiste en contacto con nosotros en relaci\u00f3n con tu consentimiento.<\/p>\n\n\n\n<p>Tu consentimiento se aplica a los siguientes sitios web: blog.berti.net, www.berti.net<\/p>\n\n\n<script\n\t\ttype=\"text\/javascript\"\n\t\tid=\"CookieDeclaration\"\n\t\tsrc=\"https:\/\/consent.cookiebot.com\/6b7a30cd-6c1c-4523-9c2c-38ccea48c3f8\/cd.js\"\n\t\tasync><\/script>\n<\/div>\n","protected":false},"excerpt":{"rendered":"<p>Pol\u00edtica de cookies Este sitio web utiliza cookies. Utilizamos cookies para personalizar el contenido y los anuncios, para proporcionar funciones de medios sociales y para analizar nuestro tr\u00e1fico. Tambi\u00e9n compartimos informaci\u00f3n sobre c\u00f3mo utilizas nuestro sitio con nuestros socios de an\u00e1lisis web, publicidad y redes sociales, que pueden combinarla con otra informaci\u00f3n que les hayas proporcionado o que hayan recopilado [&hellip;]<\/p>\n","protected":false},"author":2,"featured_media":0,"parent":0,"menu_order":0,"comment_status":"closed","ping_status":"open","template":"","meta":{"footnotes":""},"class_list":["post-17094","page","type-page","status-publish","hentry"],"_links":{"self":[{"href":"https:\/\/berti.net\/es\/wp-json\/wp\/v2\/pages\/17094","targetHints":{"allow":["GET"]}}],"collection":[{"href":"https:\/\/berti.net\/es\/wp-json\/wp\/v2\/pages"}],"about":[{"href":"https:\/\/berti.net\/es\/wp-json\/wp\/v2\/types\/page"}],"author":[{"embeddable":true,"href":"https:\/\/berti.net\/es\/wp-json\/wp\/v2\/users\/2"}],"replies":[{"embeddable":true,"href":"https:\/\/berti.net\/es\/wp-json\/wp\/v2\/comments?post=17094"}],"version-history":[{"count":1,"href":"https:\/\/berti.net\/es\/wp-json\/wp\/v2\/pages\/17094\/revisions"}],"predecessor-version":[{"id":17095,"href":"https:\/\/berti.net\/es\/wp-json\/wp\/v2\/pages\/17094\/revisions\/17095"}],"wp:attachment":[{"href":"https:\/\/berti.net\/es\/wp-json\/wp\/v2\/media?parent=17094"}],"curies":[{"name":"wp","href":"https:\/\/api.w.org\/{rel}","templated":true}]}}