{"id":17074,"date":"2024-11-06T15:57:04","date_gmt":"2024-11-06T15:57:04","guid":{"rendered":"https:\/\/www.berti.net\/concierta-una-cita\/"},"modified":"2025-05-28T15:17:17","modified_gmt":"2025-05-28T15:17:17","slug":"concierta-una-cita","status":"publish","type":"page","link":"https:\/\/berti.net\/es\/concierta-una-cita\/","title":{"rendered":"Concierta una cita"},"content":{"rendered":"\n<div class=\"wp-block-group alignfull hero-title-slider-pattern has-global-padding is-layout-constrained wp-block-group-is-layout-constrained\">\n<div class=\"wp-block-group banner-hero-content has-global-padding is-layout-constrained wp-container-core-group-is-layout-09a7d114 wp-block-group-is-layout-constrained\" style=\"margin-top:var(--wp--preset--spacing--70);margin-bottom:var(--wp--preset--spacing--30)\">\n<div class=\"wp-block-group is-style-container has-global-padding is-layout-constrained wp-container-core-group-is-layout-a816393c wp-block-group-is-layout-constrained\">\n<h1 class=\"wp-block-heading has-text-align-center has-xxl-font-size\" style=\"margin-bottom:16px;letter-spacing:0px;line-height:1\">Vis\u00edtanos<br\/>en nuestras salas de exposici\u00f3n<\/h1>\n\n\n\n<p class=\"has-text-align-center has-m-22-font-size\" style=\"line-height:1.45\">Reserva una cita en nuestras salas de exposici\u00f3n para conocer las colecciones de suelos de madera y parquet Made in Italy.  <br\/>Estaremos encantados de orientarte, con toda nuestra experiencia, en la elecci\u00f3n m\u00e1s adecuada de parquet, suelos, revestimientos murales y escaleras de madera.<br\/><\/p>\n\n\n\n<p class=\"has-text-align-center has-m-22-font-size\" style=\"line-height:1.45\"><strong>Showroom Villa del Conte (PD)<\/strong> <br\/>Via Rettilineo, 81 | Lunes &#8211; Viernes: 9-12.30 h. \/ 14-18 h. y S\u00e1bado 9-12.30 h.<br\/><br\/><strong>Showroom Vicenza<\/strong><br\/>Viale Trieste, 184 | Lunes &#8211; Mi\u00e9rcoles &#8211; Viernes: 10-13 h. \/ 14.30-19 h.<\/p>\n<\/div>\n<\/div>\n<\/div>\n\n<div class=\"wp-block-group is-style-container has-global-padding is-layout-constrained wp-container-core-group-is-layout-1039f945 wp-block-group-is-layout-constrained\" style=\"margin-top:var(--wp--preset--spacing--130);margin-bottom:var(--wp--preset--spacing--130)\">\n<div class=\"wp-block-columns is-layout-flex wp-container-core-columns-is-layout-b987c810 wp-block-columns-is-layout-flex\">\n<div class=\"wp-block-column is-layout-flow wp-block-column-is-layout-flow\" style=\"flex-basis:60%\">\n<div class=\"wp-block-group has-global-padding is-layout-constrained wp-block-group-is-layout-constrained\">\n<h1 class=\"wp-block-heading has-m-32-font-size\" style=\"margin-bottom:var(--wp--preset--spacing--30)\">Rellena el formulario para reservar una cita en nuestros Showrooms<\/h1>\n\n\n\n<div class=\"wp-block-group animated fadeIn has-global-padding is-layout-constrained wp-block-group-is-layout-constrained\">\n<div class=\"wp-block-group animated fadeIn has-global-padding is-layout-constrained wp-block-group-is-layout-constrained\"><script>\nvar gform;gform||(document.addEventListener(\"gform_main_scripts_loaded\",function(){gform.scriptsLoaded=!0}),document.addEventListener(\"gform\/theme\/scripts_loaded\",function(){gform.themeScriptsLoaded=!0}),window.addEventListener(\"DOMContentLoaded\",function(){gform.domLoaded=!0}),gform={domLoaded:!1,scriptsLoaded:!1,themeScriptsLoaded:!1,isFormEditor:()=>\"function\"==typeof InitializeEditor,callIfLoaded:function(o){return!(!gform.domLoaded||!gform.scriptsLoaded||!gform.themeScriptsLoaded&&!gform.isFormEditor()||(gform.isFormEditor()&&console.warn(\"The use of gform.initializeOnLoaded() is deprecated in the form editor context and will be removed in Gravity Forms 3.1.\"),o(),0))},initializeOnLoaded:function(o){gform.callIfLoaded(o)||(document.addEventListener(\"gform_main_scripts_loaded\",()=>{gform.scriptsLoaded=!0,gform.callIfLoaded(o)}),document.addEventListener(\"gform\/theme\/scripts_loaded\",()=>{gform.themeScriptsLoaded=!0,gform.callIfLoaded(o)}),window.addEventListener(\"DOMContentLoaded\",()=>{gform.domLoaded=!0,gform.callIfLoaded(o)}))},hooks:{action:{},filter:{}},addAction:function(o,r,e,t){gform.addHook(\"action\",o,r,e,t)},addFilter:function(o,r,e,t){gform.addHook(\"filter\",o,r,e,t)},doAction:function(o){gform.doHook(\"action\",o,arguments)},applyFilters:function(o){return gform.doHook(\"filter\",o,arguments)},removeAction:function(o,r){gform.removeHook(\"action\",o,r)},removeFilter:function(o,r,e){gform.removeHook(\"filter\",o,r,e)},addHook:function(o,r,e,t,n){null==gform.hooks[o][r]&&(gform.hooks[o][r]=[]);var d=gform.hooks[o][r];null==n&&(n=r+\"_\"+d.length),gform.hooks[o][r].push({tag:n,callable:e,priority:t=null==t?10:t})},doHook:function(r,o,e){var t;if(e=Array.prototype.slice.call(e,1),null!=gform.hooks[r][o]&&((o=gform.hooks[r][o]).sort(function(o,r){return o.priority-r.priority}),o.forEach(function(o){\"function\"!=typeof(t=o.callable)&&(t=window[t]),\"action\"==r?t.apply(null,e):e[0]=t.apply(null,e)})),\"filter\"==r)return e[0]},removeHook:function(o,r,t,n){var e;null!=gform.hooks[o][r]&&(e=(e=gform.hooks[o][r]).filter(function(o,r,e){return!!(null!=n&&n!=o.tag||null!=t&&t!=o.priority)}),gform.hooks[o][r]=e)}});\n<\/script>\n\n                <div class='gf_browser_gecko gform_wrapper gravity-theme gform-theme--no-framework' data-form-theme='gravity-theme' data-form-index='0' id='gform_wrapper_564' style='display:none'>\n                        <div class='gform_heading'>\n\t\t\t\t\t\t\t<p class='gform_required_legend'>&quot;<span class=\"gfield_required gfield_required_asterisk\">*<\/span>&quot; indicates required fields<\/p>\n                        <\/div><form method='post' enctype='multipart\/form-data'  id='gform_564'  action='\/es\/wp-json\/wp\/v2\/pages\/17074' data-formid='564' novalidate>\n                        <div class='gform-body gform_body'><div id='gform_fields_564' class='gform_fields top_label form_sublabel_below description_below validation_below'><div id=\"field_564_21\" class=\"gfield gfield--type-hidden gfield--input-type-hidden gfield--width-full gform_hidden field_sublabel_below gfield--no-description field_description_below field_validation_below gfield_visibility_visible\"  ><div class='ginput_container ginput_container_text'><input name='input_21' id='input_564_21' type='hidden' class='gform_hidden'  aria-invalid=\"false\" value='es' \/><\/div><\/div><div id=\"field_564_1\" class=\"gfield gfield--type-text gfield--input-type-text gfield_contains_required field_sublabel_below gfield--no-description field_description_below hidden_label field_validation_below gfield_visibility_visible\"  ><label class='gfield_label gform-field-label' for='input_564_1'>Nombre<span class=\"gfield_required\"><span class=\"gfield_required gfield_required_asterisk\">*<\/span><\/span><\/label><div class='ginput_container ginput_container_text'><input name='input_1' id='input_564_1' type='text' value='' class='large'    placeholder='Nombre*.' aria-required=\"true\" aria-invalid=\"false\"   \/><\/div><\/div><div id=\"field_564_2\" class=\"gfield gfield--type-text gfield--input-type-text gfield_contains_required field_sublabel_below gfield--no-description field_description_below hidden_label field_validation_below gfield_visibility_visible\"  ><label class='gfield_label gform-field-label' for='input_564_2'>Apellido<span class=\"gfield_required\"><span class=\"gfield_required gfield_required_asterisk\">*<\/span><\/span><\/label><div class='ginput_container ginput_container_text'><input name='input_2' id='input_564_2' type='text' value='' class='large'    placeholder='Apellidos' aria-required=\"true\" aria-invalid=\"false\"   \/><\/div><\/div><div id=\"field_564_19\" class=\"gfield gfield--type-email gfield--input-type-email gfield_contains_required field_sublabel_below gfield--no-description field_description_below hidden_label field_validation_below gfield_visibility_visible\"  ><label class='gfield_label gform-field-label' for='input_564_19'>Env\u00eda un correo electr\u00f3nico a<span class=\"gfield_required\"><span class=\"gfield_required gfield_required_asterisk\">*<\/span><\/span><\/label><div class='ginput_container ginput_container_email'>\n                            <input name='input_19' id='input_564_19' type='email' value='' class='large'   placeholder='Correo electr\u00f3nico' aria-required=\"true\" aria-invalid=\"false\"  \/>\n                        <\/div><\/div><div id=\"field_564_11\" class=\"gfield gfield--type-select gfield--input-type-select gfield_contains_required field_sublabel_below gfield--no-description field_description_below field_validation_below gfield_visibility_visible\"  ><label class='gfield_label gform-field-label' for='input_564_11'>\u00bfQu\u00e9 sala de exposiciones te gustar\u00eda visitar?<span class=\"gfield_required\"><span class=\"gfield_required gfield_required_asterisk\">*<\/span><\/span><\/label><div class='ginput_container ginput_container_select'><select name='input_11' id='input_564_11' class='large gfield_select'    aria-required=\"true\" aria-invalid=\"false\" ><option value='' selected='selected' class='gf_placeholder'>\u00bfQu\u00e9 sala de exposiciones quieres visitar?<\/option><option value='Villa Del Conte (Pd)' >Villa Del Conte (Pd)<\/option><option value='Vicenza' >Vicenza<\/option><\/select><\/div><\/div><div id=\"field_564_12\" class=\"gfield gfield--type-select gfield--input-type-select gfield_contains_required field_sublabel_below gfield--no-description field_description_below field_validation_below gfield_visibility_visible\"  ><label class='gfield_label gform-field-label' for='input_564_12'>Preferencias<span class=\"gfield_required\"><span class=\"gfield_required gfield_required_asterisk\">*<\/span><\/span><\/label><div class='ginput_container ginput_container_select'><select name='input_12' id='input_564_12' class='medium gfield_select'    aria-required=\"true\" aria-invalid=\"false\" ><option value='' selected='selected' class='gf_placeholder'>D\u00edas y horario de preferencia<\/option><option value='Luned\u00ec | ore 9-12:30' >Luned\u00ec | ore 9-12:30<\/option><option value='Luned\u00ec | ore 14:30-18' >Luned\u00ec | ore 14:30-18<\/option><option value='Marted\u00ec | ore 9-12:30' >Marted\u00ec | ore 9-12:30<\/option><option value='Marted\u00ec| ore 14:30-18' >Marted\u00ec| ore 14:30-18<\/option><option value='Mercoled\u00ec | ore 9-12:30' >Mercoled\u00ec | ore 9-12:30<\/option><option value='Mercoled\u00ec | ore 14:30-18' >Mercoled\u00ec | ore 14:30-18<\/option><option value='Gioved\u00ec | ore 9-12:30' >Gioved\u00ec | ore 9-12:30<\/option><option value='Gioved\u00ec | ore 14:30-18' >Gioved\u00ec | ore 14:30-18<\/option><option value='Venerd\u00ec | ore 9-12:30' >Venerd\u00ec | ore 9-12:30<\/option><option value='Venerd\u00ec | ore 14:30-18' >Venerd\u00ec | ore 14:30-18<\/option><option value='Sabato | ore 9-12:30' >Sabato | ore 9-12:30<\/option><\/select><\/div><\/div><div id=\"field_564_17\" class=\"gfield gfield--type-select gfield--input-type-select gfield_contains_required field_sublabel_below gfield--no-description field_description_below field_validation_below gfield_visibility_visible\"  ><label class='gfield_label gform-field-label' for='input_564_17'>Preferencias<span class=\"gfield_required\"><span class=\"gfield_required gfield_required_asterisk\">*<\/span><\/span><\/label><div class='ginput_container ginput_container_select'><select name='input_17' id='input_564_17' class='medium gfield_select'    aria-required=\"true\" aria-invalid=\"false\" ><option value='' selected='selected' class='gf_placeholder'>D\u00edas y horario de preferencia<\/option><option value='Luned\u00ec | ore 10-13' >Luned\u00ec | ore 10-13<\/option><option value='Luned\u00ec | ore 14:30-19' >Luned\u00ec | ore 14:30-19<\/option><option value='Mercoled\u00ec | ore 10-13' >Mercoled\u00ec | ore 10-13<\/option><option value='Mercoled\u00ec | ore 14:30-19' >Mercoled\u00ec | ore 14:30-19<\/option><option value='Venerd\u00ec | ore10-13' >Venerd\u00ec | ore10-13<\/option><option value='Venerd\u00ec | ore 14:30-19' >Venerd\u00ec | ore 14:30-19<\/option><\/select><\/div><\/div><fieldset id=\"field_564_18\" class=\"gfield gfield--type-consent gfield--type-choice gfield--input-type-consent gfield_contains_required field_sublabel_below gfield--no-description field_description_below field_validation_below gfield_visibility_visible\"  ><legend class='gfield_label gform-field-label gfield_label_before_complex' >Consentimiento<span class=\"gfield_required\"><span class=\"gfield_required gfield_required_asterisk\">*<\/span><\/span><\/legend><div class='ginput_container ginput_container_consent'><input name='input_18.1' id='input_564_18_1' type='checkbox' value='1'   aria-required=\"true\" aria-invalid=\"false\"   \/> <label class=\"gform-field-label gform-field-label--type-inline gfield_consent_label\" for='input_564_18_1' >Suscribo la Pol\u00edtica de privacidad.<\/label><input type='hidden' name='input_18.2' value='Suscribo la Pol\u00edtica de privacidad.' class='gform_hidden' \/><input type='hidden' name='input_18.3' value='563' class='gform_hidden' \/><\/div><\/fieldset><\/div><\/div>\n        <div class='gform-footer gform_footer top_label'> <input type='submit' id='gform_submit_button_564' class='gform_button button' onclick='gform.submission.handleButtonClick(this);' data-submission-type='submit' value='Concierta una cita'  \/> \n            <input type='hidden' class='gform_hidden' name='gform_submission_method' data-js='gform_submission_method_564' value='postback' \/>\n            <input type='hidden' class='gform_hidden' name='gform_theme' data-js='gform_theme_564' id='gform_theme_564' value='gravity-theme' \/>\n            <input type='hidden' class='gform_hidden' name='gform_style_settings' data-js='gform_style_settings_564' id='gform_style_settings_564' value='{&quot;inputPrimaryColor&quot;:&quot;#204ce5&quot;}' \/>\n            <input type='hidden' class='gform_hidden' name='is_submit_564' value='1' \/>\n            <input type='hidden' class='gform_hidden' name='gform_submit' value='564' \/>\n            \n            <input type='hidden' class='gform_hidden' name='gform_currency' data-currency='EUR' value='bfflrq+YOTC0VTB1J7iAF1ONYR8u37jd\/zxDAszUGkvUrBC6o\/l93Rzdj\/N+nOpQN492Q7a0Ht0MyFbfazgE988c9945sCzjko\/AoDegIvpKvHs=' \/>\n            <input type='hidden' class='gform_hidden' name='gform_unique_id' value='' \/>\n            <input type='hidden' class='gform_hidden' name='state_564' value='WyJ7XCIxOC4xXCI6XCJlNjVmOWJjMzI3YWZjMmI5MGRhYzQ4ZjdhMTdiNzE3OFwiLFwiMTguMlwiOlwiZTlmODg4ZDg5OWEzNDUxOWFjNWRhOWE2MWE3OGI1ZGFcIixcIjE4LjNcIjpcIjlhZDZiYjkzMGZkMGYxZDQwMmNkZDQ0NTQwMzY5NzZiXCJ9IiwiOThhZTQxYjI3ODcwMzdiMTYwZTQyZTA1Y2JjMjI3YzEiXQ==' \/>\n            <input type='hidden' autocomplete='off' class='gform_hidden' name='gform_target_page_number_564' id='gform_target_page_number_564' value='0' \/>\n            <input type='hidden' autocomplete='off' class='gform_hidden' name='gform_source_page_number_564' id='gform_source_page_number_564' value='1' \/>\n            <input type='hidden' name='gform_field_values' value='' \/>\n            \n        <\/div>\n                        <\/form>\n                        <\/div><script>\ngform.initializeOnLoaded( function() {gformInitSpinner( 564, 'https:\/\/berti.net\/wp-content\/themes\/thombase\/public\/images\/tube-spinner.svg', true );jQuery('#gform_ajax_frame_564').on('load',function(){var contents = jQuery(this).contents().find('*').html();var is_postback = contents.indexOf('GF_AJAX_POSTBACK') >= 0;if(!is_postback){return;}var form_content = jQuery(this).contents().find('#gform_wrapper_564');var is_confirmation = jQuery(this).contents().find('#gform_confirmation_wrapper_564').length > 0;var is_redirect = contents.indexOf('gformRedirect(){') >= 0;var is_form = form_content.length > 0 && ! is_redirect && ! is_confirmation;var mt = parseInt(jQuery('html').css('margin-top'), 10) + parseInt(jQuery('body').css('margin-top'), 10) + 100;if(is_form){form_content.find('form').css('opacity', 0);jQuery('#gform_wrapper_564').html(form_content.html());if(form_content.hasClass('gform_validation_error')){jQuery('#gform_wrapper_564').addClass('gform_validation_error');} else {jQuery('#gform_wrapper_564').removeClass('gform_validation_error');}setTimeout( function() { \/* delay the scroll by 50 milliseconds to fix a bug in chrome *\/  }, 50 );if(window['gformInitDatepicker']) {gformInitDatepicker();}if(window['gformInitPriceFields']) {gformInitPriceFields();}var current_page = jQuery('#gform_source_page_number_564').val();gformInitSpinner( 564, 'https:\/\/berti.net\/wp-content\/themes\/thombase\/public\/images\/tube-spinner.svg', true );jQuery(document).trigger('gform_page_loaded', [564, current_page]);window['gf_submitting_564'] = false;}else if(!is_redirect){var confirmation_content = jQuery(this).contents().find('.GF_AJAX_POSTBACK').html();if(!confirmation_content){confirmation_content = contents;}jQuery('#gform_wrapper_564').replaceWith(confirmation_content);jQuery(document).trigger('gform_confirmation_loaded', [564]);window['gf_submitting_564'] = false;wp.a11y.speak(jQuery('#gform_confirmation_message_564').text());}else{jQuery('#gform_564').append(contents);if(window['gformRedirect']) {gformRedirect();}}jQuery(document).trigger(\"gform_pre_post_render\", [{ formId: \"564\", currentPage: \"current_page\", abort: function() { this.preventDefault(); } }]);        if (event && event.defaultPrevented) {                return;        }        const gformWrapperDiv = document.getElementById( \"gform_wrapper_564\" );        if ( gformWrapperDiv ) {            const visibilitySpan = document.createElement( \"span\" );            visibilitySpan.id = \"gform_visibility_test_564\";            gformWrapperDiv.insertAdjacentElement( \"afterend\", visibilitySpan );        }        const visibilityTestDiv = document.getElementById( \"gform_visibility_test_564\" );        let postRenderFired = false;        function triggerPostRender() {            if ( postRenderFired ) {                return;            }            postRenderFired = true;            gform.core.triggerPostRenderEvents( 564, current_page );            if ( visibilityTestDiv ) {                visibilityTestDiv.parentNode.removeChild( visibilityTestDiv );            }        }        function debounce( func, wait, immediate ) {            var timeout;            return function() {                var context = this, args = arguments;                var later = function() {                    timeout = null;                    if ( !immediate ) func.apply( context, args );                };                var callNow = immediate && !timeout;                clearTimeout( timeout );                timeout = setTimeout( later, wait );                if ( callNow ) func.apply( context, args );            };        }        const debouncedTriggerPostRender = debounce( function() {            triggerPostRender();        }, 200 );        if ( visibilityTestDiv && visibilityTestDiv.offsetParent === null ) {            const observer = new MutationObserver( ( mutations ) => {                mutations.forEach( ( mutation ) => {                    if ( mutation.type === 'attributes' && visibilityTestDiv.offsetParent !== null ) {                        debouncedTriggerPostRender();                        observer.disconnect();                    }                });            });            observer.observe( document.body, {                attributes: true,                childList: false,                subtree: true,                attributeFilter: [ 'style', 'class' ],            });        } else {            triggerPostRender();        }    } );} );\n<\/script>\n<\/div>\n<\/div>\n<\/div>\n<\/div>\n\n\n\n<div class=\"wp-block-column is-layout-flow wp-block-column-is-layout-flow\" style=\"flex-basis:40%\">\n<div class=\"wp-block-group has-global-padding is-layout-constrained wp-block-group-is-layout-constrained\" style=\"margin-top:var(--wp--preset--spacing--10);margin-bottom:var(--wp--preset--spacing--10)\">\n<div class=\"wp-block-group animated fadeIn has-heading-font-family has-s-font-size is-vertical is-layout-flex wp-container-core-group-is-layout-965348f3 wp-block-group-is-layout-flex\" style=\"border-top-color:var(--wp--preset--color--base-2);border-top-width:4px;padding-top:var(--wp--preset--spacing--40)\">\n<p><strong>Berti Pavimenti s.n.c.<\/strong> <br\/>Via Rettilineo 81 &#8211; 35010 <br\/>Villa del Conte (PD) <br\/>info@berti.net <br\/>Tel. 049.9323.611<\/p>\n\n\n\n<p><strong>Marketing<\/strong><br\/>expressyourstyle@berti.net <br\/>Tel. 049.9323657  <\/p>\n\n\n\n<p><strong>Comercial<\/strong><br\/>commerciale@berti.net <br\/>Tel. 049.9323.692  <\/p>\n\n\n\n<p><strong>Extranjero<\/strong><br\/>sales@berti.net <br\/>Tel. 049.9323.647  <\/p>\n\n\n\n<p><strong>T\u00e9cnico<\/strong> <br\/>ufficiotecnico@berti.net  <\/p>\n\n\n\n<p><strong>Administraci\u00f3n<\/strong> <br\/>amministrazione@berti.net<\/p>\n<\/div>\n<\/div>\n<\/div>\n<\/div>\n<\/div>\n\n<div class=\"wp-block-cover alignfull is-light estimate-request-content animated fadeIn\" style=\"margin-top:0\"><img decoding=\"async\" class=\"wp-block-cover__image-background\" alt=\"\" src=\"https:\/\/www.berti.net\/wp-content\/themes\/thombase\/public\/images\/estimateBanner.webp\" data-object-fit=\"cover\"\/><span aria-hidden=\"true\" class=\"wp-block-cover__background has-background-dim-0 has-background-dim\"><\/span><div class=\"wp-block-cover__inner-container has-global-padding is-layout-constrained wp-block-cover-is-layout-constrained\">\n<div id=\"estimate\" class=\"wp-block-group alignleft estimate-request-content-inner has-global-padding is-content-justification-left is-layout-constrained wp-container-core-group-is-layout-94054b8f wp-block-group-is-layout-constrained\">\n<h5 class=\"wp-block-heading\">Pide una <strong>presupuesto<\/strong>,<br\/>entra en el mundo Berti<\/h5>\n\n\n\n<p>Rellena el formulario para solicitar un Presupuesto. Recibir\u00e1s una respuesta de nuestro personal en breve. <\/p>\n\n\n\n<div class=\"wp-block-buttons is-layout-flex wp-block-buttons-is-layout-flex\">\n<div class=\"wp-block-button is-style-link\"><a class=\"wp-block-button__link wp-element-button\" href=\"https:\/\/www.berti.net\/es\/solicita-preventivo-2\/\">SOLICITA AHORA<\/a><\/div>\n<\/div>\n<\/div>\n<\/div><\/div>\n","protected":false},"excerpt":{"rendered":"<p>Vis\u00edtanosen nuestras salas de exposici\u00f3n Reserva una cita en nuestras salas de exposici\u00f3n para conocer las colecciones de suelos de madera y parquet Made in Italy. Estaremos encantados de orientarte, con toda nuestra experiencia, en la elecci\u00f3n m\u00e1s adecuada de parquet, suelos, revestimientos murales y escaleras de madera. Showroom Villa del Conte (PD) Via Rettilineo, 81 | Lunes &#8211; Viernes: [&hellip;]<\/p>\n","protected":false},"author":2,"featured_media":0,"parent":0,"menu_order":0,"comment_status":"closed","ping_status":"closed","template":"","meta":{"footnotes":""},"class_list":["post-17074","page","type-page","status-publish","hentry"],"_links":{"self":[{"href":"https:\/\/berti.net\/es\/wp-json\/wp\/v2\/pages\/17074","targetHints":{"allow":["GET"]}}],"collection":[{"href":"https:\/\/berti.net\/es\/wp-json\/wp\/v2\/pages"}],"about":[{"href":"https:\/\/berti.net\/es\/wp-json\/wp\/v2\/types\/page"}],"author":[{"embeddable":true,"href":"https:\/\/berti.net\/es\/wp-json\/wp\/v2\/users\/2"}],"replies":[{"embeddable":true,"href":"https:\/\/berti.net\/es\/wp-json\/wp\/v2\/comments?post=17074"}],"version-history":[{"count":5,"href":"https:\/\/berti.net\/es\/wp-json\/wp\/v2\/pages\/17074\/revisions"}],"predecessor-version":[{"id":22141,"href":"https:\/\/berti.net\/es\/wp-json\/wp\/v2\/pages\/17074\/revisions\/22141"}],"wp:attachment":[{"href":"https:\/\/berti.net\/es\/wp-json\/wp\/v2\/media?parent=17074"}],"curies":[{"name":"wp","href":"https:\/\/api.w.org\/{rel}","templated":true}]}}