{"id":25536,"date":"2025-06-24T10:45:20","date_gmt":"2025-06-24T10:45:20","guid":{"rendered":"https:\/\/www.berti.net\/product\/mono-griff\/"},"modified":"2025-12-03T16:15:06","modified_gmt":"2025-12-03T16:15:06","slug":"grippix","status":"publish","type":"product","link":"https:\/\/berti.net\/de\/parkett-produkte\/grippix\/","title":{"rendered":"GRIPPIX"},"content":{"rendered":"\n<div class=\"wp-block-group is-style-container has-global-padding is-content-justification-center is-layout-constrained wp-block-group-is-layout-constrained\">\n<div class=\"wp-block-group title-text-indented-pattern animated fadeIn has-global-padding is-layout-constrained wp-container-core-group-is-layout-a31aa551 wp-block-group-is-layout-constrained\">\n<h3 class=\"wp-block-heading has-text-color has-m-32-font-size\" style=\"color:#000000\">Hauptmerkmale<\/h3>\n\n\n\n<div class=\"wp-block-group has-global-padding is-layout-constrained wp-block-group-is-layout-constrained\" style=\"margin-bottom:var(--wp--preset--spacing--50)\">\n<ul class=\"wp-block-list\">\n<li><strong>L\u00f6semittelfreier<\/strong>, aminfreier und epoxidharzfreier Klebstoff<\/li>\n\n\n\n<li><strong>Niedrige Viskosit\u00e4t<\/strong> und optimale Verarbeitbarkeit<\/li>\n\n\n\n<li><strong>Ausgezeichnete Schnurhaftung<\/strong>: konstante Haftung auch auf schwierigen Oberfl\u00e4chen<\/li>\n\n\n\n<li>Geeignet f\u00fcr alle Arten von Mehrschichtparkett<\/li>\n\n\n\n<li><strong>20-30% h\u00f6here Ergiebigkeit<\/strong> im Vergleich zu Zwei-Komponenten-Klebstoffen<\/li>\n\n\n\n<li>Ideal zum Erhitzen von Substraten<\/li>\n\n\n\n<li>Kein Mischen: <strong>sofort einsatzbereit<\/strong><\/li>\n<\/ul>\n<\/div>\n<\/div>\n\n\n\n<div class=\"wp-block-group title-text-indented-pattern animated fadeIn has-global-padding is-layout-constrained wp-container-core-group-is-layout-a31aa551 wp-block-group-is-layout-constrained\">\n<h3 class=\"wp-block-heading has-text-color has-m-32-font-size\" style=\"color:#000000\">Modalit\u00e4ten der Verwendung<\/h3>\n\n\n\n<div class=\"wp-block-group has-global-padding is-layout-constrained wp-block-group-is-layout-constrained\" style=\"margin-bottom:var(--wp--preset--spacing--50)\">\n<h4 class=\"wp-block-heading has-m-22-font-size\">Vorbereitung des Substrats<\/h4>\n\n\n\n<ul class=\"wp-block-list\">\n<li>Pr\u00fcfen Sie, ob der Untergrund <strong>trocken, sauber, stabil und fest<\/strong> ist.<\/li>\n\n\n\n<li>Verwenden Sie bei hoher Restfeuchtigkeit eine wasserabweisende Grundierung (z.B. Eco Prim PU 1K).<\/li>\n\n\n\n<li>Auf bestehenden B\u00f6den (Keramik, Marmor, Holz) sollten Sie die Oberfl\u00e4che vor dem Verkleben anschleifen oder aufrauen.<\/li>\n<\/ul>\n<\/div>\n\n\n\n<div class=\"wp-block-group has-global-padding is-layout-constrained wp-block-group-is-layout-constrained\" style=\"margin-bottom:var(--wp--preset--spacing--50)\">\n<h4 class=\"wp-block-heading has-m-22-font-size\">Anwendung des Produkts<\/h4>\n\n\n\n<ul class=\"wp-block-list\">\n<li>\u00d6ffnen Sie den im Fass enthaltenen <strong>Aluminiumbeutel<\/strong> und gie\u00dfen Sie ihn direkt auf den Untergrund.<\/li>\n\n\n\n<li>Mit <strong>MAPEI-Zahnspachtel<\/strong> f\u00fcr Parkett auftragen.<\/li>\n\n\n\n<li>Tragen Sie nur so viel Klebstoff auf, wie innerhalb von <strong>110 Minuten<\/strong> verarbeitet werden kann.<\/li>\n\n\n\n<li>Bewahren Sie Produktreste auf <strong>, indem Sie den Beutel verschlie\u00dfen und die restliche Luft entfernen<\/strong>.<\/li>\n<\/ul>\n<\/div>\n\n\n\n<div class=\"wp-block-group has-global-padding is-layout-constrained wp-block-group-is-layout-constrained\" style=\"margin-bottom:var(--wp--preset--spacing--50)\">\n<h4 class=\"wp-block-heading has-m-22-font-size\">Parkett verlegen<\/h4>\n\n\n\n<ul class=\"wp-block-list\">\n<li>Dr\u00fccken Sie die Bretter auf das Kleberbett und <strong>vermeiden Sie dabei ein Verklemmen in den Fugen<\/strong>.<\/li>\n\n\n\n<li>Halten Sie eine <strong>Randfuge von ca. 1 cm<\/strong> um W\u00e4nde und Vorspr\u00fcnge herum ein.<\/li>\n\n\n\n<li>Installationstemperatur: +10\u00b0C bis +25\u00b0C.<\/li>\n<\/ul>\n<\/div>\n<\/div>\n\n\n\n<div class=\"wp-block-group title-text-indented-pattern animated fadeIn has-global-padding is-layout-constrained wp-container-core-group-is-layout-a31aa551 wp-block-group-is-layout-constrained\">\n<h3 class=\"wp-block-heading has-text-color has-m-32-font-size\" style=\"color:#000000\">Technische Zeiten<\/h3>\n\n\n\n<div class=\"wp-block-group has-global-padding is-layout-constrained wp-block-group-is-layout-constrained\" style=\"margin-bottom:var(--wp--preset--spacing--50)\">\n<ul class=\"wp-block-list\">\n<li><strong>Offene Zeit<\/strong> (Hautbildung): ca. 110 Minuten<\/li>\n\n\n\n<li><strong>Aufnahmezeit<\/strong>: 3 Stunden<\/li>\n\n\n\n<li><strong>Begehbarkeit<\/strong>: nach etwa <strong>12 Stunden<\/strong><\/li>\n\n\n\n<li><strong>Schleifen<\/strong>: nach <strong>3 Tagen<\/strong><\/li>\n<\/ul>\n<\/div>\n<\/div>\n\n\n\n<div class=\"wp-block-group title-text-indented-pattern animated fadeIn has-global-padding is-layout-constrained wp-container-core-group-is-layout-a31aa551 wp-block-group-is-layout-constrained\">\n<h3 class=\"wp-block-heading has-text-color has-m-32-font-size\" style=\"color:#000000\">Technische Daten<\/h3>\n\n\n\n<div class=\"wp-block-group has-global-padding is-layout-constrained wp-block-group-is-layout-constrained\" style=\"margin-bottom:var(--wp--preset--spacing--50)\">\n<ul class=\"wp-block-list\">\n<li><strong>Format<\/strong>: 15 kg (Aluminiumbeutel im Plastikfass)<\/li>\n\n\n\n<li><strong>Konsistenz<\/strong>: cremige Paste<\/li>\n\n\n\n<li><strong>Farbe<\/strong>: beige<\/li>\n\n\n\n<li><strong>Verbrauch<\/strong>: 800-1000 g\/m\u00b2<\/li>\n\n\n\n<li><strong>Dichte<\/strong>: 1,45 \u00b1 0,05 g\/cm\u00b3<\/li>\n\n\n\n<li><strong>Viskosit\u00e4t<\/strong>: 32.000 \u00b1 4.000 mPa-s<\/li>\n\n\n\n<li><strong>Trockenr\u00fcckstand<\/strong>: 100<\/li>\n\n\n\n<li><strong>Shore-H\u00e4rte A<\/strong>: 55 (nach 7 Tagen)<\/li>\n\n\n\n<li><strong>Bruchdehnung<\/strong>: 130%.<\/li>\n\n\n\n<li><strong>Holz-Beton-Haftung<\/strong>: 1,8 N\/mm\u00b2.<\/li>\n\n\n\n<li><strong>Betriebstemperatur<\/strong>: -20\u00b0C bis +80\u00b0C<\/li>\n\n\n\n<li><strong>Lagerung<\/strong>: 12 Monate<\/li>\n<\/ul>\n<\/div>\n<\/div>\n\n\n\n<div class=\"wp-block-group title-text-indented-pattern animated fadeIn has-global-padding is-layout-constrained wp-container-core-group-is-layout-a31aa551 wp-block-group-is-layout-constrained\">\n<h3 class=\"wp-block-heading has-text-color has-m-32-font-size\" style=\"color:#000000\">Sicherheit<\/h3>\n\n\n\n<div class=\"wp-block-group has-global-padding is-layout-constrained wp-block-group-is-layout-constrained\" style=\"margin-bottom:var(--wp--preset--spacing--50)\">\n<ul class=\"wp-block-list\">\n<li>GRIPPIX ist <strong>\u00e4tzend<\/strong>: kann schwere Augensch\u00e4den verursachen.<\/li>\n\n\n\n<li>Tragen Sie bei der Anwendung <strong>Handschuhe, Schutzbrille, Gesichtsmaske und Schutzkleidung<\/strong>.<\/li>\n\n\n\n<li>Es gibt bei Raumtemperatur keine sch\u00e4dlichen D\u00e4mpfe ab, kann aber \u00fcber +60\u00b0C sensibilisierend wirken.<\/li>\n\n\n\n<li><strong>Nur f\u00fcr den professionellen Gebrauch.<\/strong><\/li>\n<\/ul>\n\n\n\n<p>Konsultieren Sie vor der Verwendung immer das aktualisierte <strong>Sicherheitsdatenblatt<\/strong>.<\/p>\n<\/div>\n<\/div>\n<\/div>\n\n<div style=\"height:var(--wp--preset--spacing--80)\" aria-hidden=\"true\" class=\"wp-block-spacer\"><\/div>\n\n<div class=\"wp-block-group alignwide is-style-container has-contrast-2-background-color has-background has-global-padding is-layout-constrained wp-container-core-group-is-layout-f04d5c41 wp-block-group-is-layout-constrained\" id=\"catalog\">\n<div class=\"wp-block-columns alignwide are-vertically-aligned-center is-layout-flex wp-container-core-columns-is-layout-e4e53ecd wp-block-columns-is-layout-flex\" style=\"margin-top:var(--wp--preset--spacing--100);margin-bottom:var(--wp--preset--spacing--100)\">\n<div class=\"wp-block-column is-layout-flow wp-block-column-is-layout-flow\" style=\"flex-basis:50%\">\n<figure class=\"wp-block-image size-full\"><img loading=\"lazy\" decoding=\"async\" width=\"900\" height=\"901\" src=\"https:\/\/www.berti.net\/wp-content\/uploads\/grippix-catalog-ok.jpg\" alt=\"\" class=\"wp-image-29162\" style=\"box-shadow:var(--wp--preset--shadow--deep)\" srcset=\"https:\/\/berti.net\/wp-content\/uploads\/grippix-catalog-ok.jpg 900w, https:\/\/berti.net\/wp-content\/uploads\/grippix-catalog-ok-812x812.jpg 812w, https:\/\/berti.net\/wp-content\/uploads\/grippix-catalog-ok-406x406.jpg 406w, https:\/\/berti.net\/wp-content\/uploads\/grippix-catalog-ok-768x769.jpg 768w\" sizes=\"auto, (max-width: 900px) 100vw, 900px\" \/><\/figure>\n<\/div>\n\n\n\n<div class=\"wp-block-column is-layout-flow wp-block-column-is-layout-flow\" style=\"flex-basis:50%\">\n<h4 class=\"wp-block-heading\" style=\"margin-top:var(--wp--preset--spacing--20);margin-bottom:var(--wp--preset--spacing--20);font-size:clamp(26.944px, 1.684rem + ((1vw - 3.2px) * 1.489), 46px);line-height:1\">Datenblatt herunterladen<\/h4>\n\n\n\n<p class=\"has-text-color has-body-font-family\" style=\"color:#000000;padding-right:16%;font-size:14px\">Laden Sie den Katalog herunter, um die neue GRIPPIX-Kollektion von Berti Pavimenti Legno zu entdecken.<\/p>\n\n\n\n<div class=\"wp-block-buttons is-layout-flex wp-block-buttons-is-layout-flex\" style=\"margin-top:var(--wp--preset--spacing--30)\">\n<div class=\"wp-block-button is-style-fill\"><a class=\"wp-block-button__link has-base-3-color has-base-background-color has-text-color has-background has-link-color has-custom-font-size wp-element-button\" href=\"https:\/\/www.berti.net\/wp-content\/uploads\/BERTI_Grippix_user_guide.pdf\" style=\"padding-top:15px;padding-right:40px;padding-bottom:15px;padding-left:40px;font-size:clamp(14px, 0.875rem + ((1vw - 3.2px) * 0.156), 16px);\" target=\"_blank\" rel=\"noreferrer noopener\">DOWNLOAD<\/a><\/div>\n<\/div>\n<\/div>\n<\/div>\n<\/div>\n","protected":false},"excerpt":{"rendered":"<p>Hauptmerkmale Modalit\u00e4ten der Verwendung Vorbereitung des Substrats Anwendung des Produkts Parkett verlegen Technische Zeiten Technische Daten Sicherheit Konsultieren Sie vor der Verwendung immer das aktualisierte Sicherheitsdatenblatt. Datenblatt herunterladen Laden Sie den Katalog herunter, um die neue GRIPPIX-Kollektion von Berti Pavimenti Legno zu entdecken.<\/p>\n","protected":false},"author":2,"featured_media":25282,"template":"","product_collection":[258],"product_type":[],"product_color":[],"class_list":["post-25536","product","type-product","status-publish","has-post-thumbnail","hentry","product_collection-parkett-produkte"],"_links":{"self":[{"href":"https:\/\/berti.net\/de\/wp-json\/wp\/v2\/product\/25536","targetHints":{"allow":["GET"]}}],"collection":[{"href":"https:\/\/berti.net\/de\/wp-json\/wp\/v2\/product"}],"about":[{"href":"https:\/\/berti.net\/de\/wp-json\/wp\/v2\/types\/product"}],"author":[{"embeddable":true,"href":"https:\/\/berti.net\/de\/wp-json\/wp\/v2\/users\/2"}],"wp:featuredmedia":[{"embeddable":true,"href":"https:\/\/berti.net\/de\/wp-json\/wp\/v2\/media\/25282"}],"wp:attachment":[{"href":"https:\/\/berti.net\/de\/wp-json\/wp\/v2\/media?parent=25536"}],"wp:term":[{"taxonomy":"product_collection","embeddable":true,"href":"https:\/\/berti.net\/de\/wp-json\/wp\/v2\/product_collection?post=25536"},{"taxonomy":"product_type","embeddable":true,"href":"https:\/\/berti.net\/de\/wp-json\/wp\/v2\/product_type?post=25536"},{"taxonomy":"product_color","embeddable":true,"href":"https:\/\/berti.net\/de\/wp-json\/wp\/v2\/product_color?post=25536"}],"curies":[{"name":"wp","href":"https:\/\/api.w.org\/{rel}","templated":true}]}}