{"id":25535,"date":"2025-06-26T10:11:26","date_gmt":"2025-06-26T10:11:26","guid":{"rendered":"https:\/\/www.berti.net\/product\/refine\/"},"modified":"2025-06-27T10:57:27","modified_gmt":"2025-06-27T10:57:27","slug":"refine","status":"publish","type":"product","link":"https:\/\/berti.net\/de\/parkett-produkte\/refine\/","title":{"rendered":"REFINE"},"content":{"rendered":"\n<div class=\"wp-block-group is-style-container has-global-padding is-content-justification-center is-layout-constrained wp-block-group-is-layout-constrained\">\n<div class=\"wp-block-group title-text-indented-pattern animated fadeIn has-global-padding is-layout-constrained wp-container-core-group-is-layout-a31aa551 wp-block-group-is-layout-constrained\">\n<div class=\"wp-block-group has-global-padding is-layout-constrained wp-block-group-is-layout-constrained\" style=\"margin-bottom:var(--wp--preset--spacing--50)\">\n<p class=\"has-m-font-size\">Sein <strong>frischer Minz-Kiefern-Duft<\/strong> sorgt f\u00fcr ein angenehmes Gef\u00fchl der Sauberkeit. Es ist perfekt f\u00fcr die Reinigung von Fertigparkett, ge\u00f6ltem oder lackiertem Holz und anderen Oberfl\u00e4chen wie Marmor, Terrakotta, Steingut, Glas, Laminat und Linoleum. <\/p>\n\n\n\n<p class=\"has-m-font-size\">Es <strong>muss nicht abgesp\u00fclt werden<\/strong>, wenn es in der empfohlenen Dosierung verwendet wird, und kann mit einem Wischmopp, Baumwolltuch oder Spr\u00fchwischmopp aufgetragen werden.<\/p>\n<\/div>\n<\/div>\n\n\n\n<div class=\"wp-block-group title-text-indented-pattern animated fadeIn has-global-padding is-layout-constrained wp-container-core-group-is-layout-a31aa551 wp-block-group-is-layout-constrained\">\n<h3 class=\"wp-block-heading has-text-color has-m-32-font-size\" style=\"color:#000000\">Hauptmerkmale<\/h3>\n\n\n\n<div class=\"wp-block-group has-global-padding is-layout-constrained wp-block-group-is-layout-constrained\" style=\"margin-bottom:var(--wp--preset--spacing--50)\">\n<ul class=\"wp-block-list\">\n<li>Spezieller Reiniger f\u00fcr Parkett und empfindliche Oberfl\u00e4chen<\/li>\n\n\n\n<li><strong>Gering sch\u00e4umend<\/strong>, hinterl\u00e4sst keine R\u00fcckst\u00e4nde<\/li>\n\n\n\n<li>Ungef\u00e4hrlich, <strong>ohne Risikosymbole<\/strong><\/li>\n\n\n\n<li>Nat\u00fcrlicher Duft: Minze-Kiefer, Zitrone oder Lotosbl\u00fcte<\/li>\n\n\n\n<li>Ideal f\u00fcr den t\u00e4glichen Gebrauch und Scheuersaugmaschinen<\/li>\n\n\n\n<li><strong>Wirtschaftlich<\/strong>: hoher Ertrag auch bei niedrigen Dosen<\/li>\n<\/ul>\n<\/div>\n<\/div>\n\n\n\n<div class=\"wp-block-group title-text-indented-pattern animated fadeIn has-global-padding is-layout-constrained wp-container-core-group-is-layout-a31aa551 wp-block-group-is-layout-constrained\">\n<h3 class=\"wp-block-heading has-text-color has-m-32-font-size\" style=\"color:#000000\">Modalit\u00e4ten der Verwendung<\/h3>\n\n\n\n<div class=\"wp-block-group has-global-padding is-layout-constrained wp-block-group-is-layout-constrained\" style=\"margin-bottom:var(--wp--preset--spacing--50)\">\n<h4 class=\"wp-block-heading has-m-22-font-size\">T\u00e4gliche Reinigung (Mopp oder Mikrofasertuch)<\/h4>\n\n\n\n<ul class=\"wp-block-list\">\n<li><strong>Saugen Sie die Oberfl\u00e4che ab<\/strong>, um Staub und Schmutz zu entfernen.<\/li>\n\n\n\n<li>Verd\u00fcnnen Sie REFINE mit <strong>1-2%<\/strong> (z.B. 1 Verschlusskappe pro Liter Wasser).<\/li>\n\n\n\n<li>Weichen Sie das Tuch in der L\u00f6sung ein und wringen Sie es gr\u00fcndlich aus.<\/li>\n\n\n\n<li>Reinigen Sie <strong>10-20 m\u00b2 auf einmal<\/strong> und sp\u00fclen Sie das Tuch mit sauberem Wasser aus.<\/li>\n\n\n\n<li>Sp\u00fclen ist nicht erforderlich.<\/li>\n\n\n\n<li>Lassen Sie es trocknen.<\/li>\n<\/ul>\n<\/div>\n\n\n\n<div class=\"wp-block-group has-global-padding is-layout-constrained wp-block-group-is-layout-constrained\" style=\"margin-bottom:var(--wp--preset--spacing--50)\">\n<h4 class=\"wp-block-heading has-m-22-font-size\">Reinigung mit Spr\u00fchmopp<\/h4>\n\n\n\n<ul class=\"wp-block-list\">\n<li>Gie\u00dfen Sie <strong>2 Kappen<\/strong> REFINE in <strong>0,5 Liter Wasser<\/strong> im Tank.<\/li>\n\n\n\n<li>Spr\u00fchen und wischen Sie wie gewohnt.<\/li>\n\n\n\n<li>Bei starker Verschmutzung: Erh\u00f6hen Sie die Dosis auf 10% und sp\u00fclen Sie nach.<\/li>\n<\/ul>\n<\/div>\n\n\n\n<div class=\"wp-block-group has-global-padding is-layout-constrained wp-block-group-is-layout-constrained\" style=\"margin-bottom:var(--wp--preset--spacing--50)\">\n<h4 class=\"wp-block-heading has-m-22-font-size\">F\u00fcr hartn\u00e4ckigen Schmutz<\/h4>\n\n\n\n<ul class=\"wp-block-list\">\n<li>Verd\u00fcnnen Sie REFINE auf <strong>5-10%<\/strong>.<\/li>\n\n\n\n<li>Auftragen, einwirken lassen und mit einem Tuch oder Schwamm reinigen.<\/li>\n\n\n\n<li>Sp\u00fclen Sie mit klarem Wasser nach.<\/li>\n<\/ul>\n\n\n\n<p><em>Praktischer Tipp<\/em>: Verwenden Sie nach M\u00f6glichkeit zwei Eimer (einen f\u00fcr das Reinigungsmittel, einen f\u00fcr die Sp\u00fclung), um eine Verunreinigung der sauberen L\u00f6sung zu vermeiden.<\/p>\n<\/div>\n<\/div>\n\n\n\n<div class=\"wp-block-group title-text-indented-pattern animated fadeIn has-global-padding is-layout-constrained wp-container-core-group-is-layout-a31aa551 wp-block-group-is-layout-constrained\">\n<h3 class=\"wp-block-heading has-text-color has-m-32-font-size\" style=\"color:#000000\">Technische Daten<\/h3>\n\n\n\n<div class=\"wp-block-group has-global-padding is-layout-constrained wp-block-group-is-layout-constrained\" style=\"margin-bottom:var(--wp--preset--spacing--50)\">\n<ul class=\"wp-block-list\">\n<li><strong>Format<\/strong>: 1 Liter<\/li>\n\n\n\n<li><strong>Ausbeute<\/strong>: 10 L = ca. 100 m\u00b2<\/li>\n\n\n\n<li><strong>pH-Wert (20\u00b0C)<\/strong>: 7.1 &#8211; neutral<\/li>\n\n\n\n<li><strong>Erscheinungsbild<\/strong>: gr\u00fcne oder gelbe Fl\u00fcssigkeit<\/li>\n\n\n\n<li><strong>Geruch<\/strong>: Minze-Kiefer, Zitrone<\/li>\n\n\n\n<li><strong>Spezifisches Gewicht<\/strong>: 1,004 kg\/L<\/li>\n\n\n\n<li><strong>Flammpunkt<\/strong>: &gt;60\u00b0C<\/li>\n\n\n\n<li><strong>Lagerung<\/strong>: 24 Monate an einem k\u00fchlen, trockenen Ort<\/li>\n<\/ul>\n<\/div>\n<\/div>\n\n\n\n<div class=\"wp-block-group title-text-indented-pattern animated fadeIn has-global-padding is-layout-constrained wp-container-core-group-is-layout-a31aa551 wp-block-group-is-layout-constrained\">\n<h3 class=\"wp-block-heading has-text-color has-m-32-font-size\" style=\"color:#000000\">Nachhaltigkeit und Sicherheit<\/h3>\n\n\n\n<div class=\"wp-block-group has-global-padding is-layout-constrained wp-block-group-is-layout-constrained\" style=\"margin-bottom:var(--wp--preset--spacing--50)\">\n<ul class=\"wp-block-list\">\n<li><strong>Biologisch abbaubare<\/strong> Inhaltsstoffe <strong>pflanzlichen Ursprungs<\/strong><\/li>\n\n\n\n<li><strong>ECOCERT-<\/strong> und <strong>RSPO-zertifiziert<\/strong><\/li>\n\n\n\n<li>Kein CLP-Symbol &#8211; <strong>sicher f\u00fcr den Hausgebrauch<\/strong><\/li>\n\n\n\n<li>Vollst\u00e4ndig recycelbare Verpackung<\/li>\n<\/ul>\n<\/div>\n<\/div>\n<\/div>\n\n<div style=\"height:var(--wp--preset--spacing--80)\" aria-hidden=\"true\" class=\"wp-block-spacer\"><\/div>\n\n<div class=\"wp-block-group alignwide is-style-container has-contrast-2-background-color has-background has-global-padding is-layout-constrained wp-container-core-group-is-layout-f04d5c41 wp-block-group-is-layout-constrained\" id=\"catalog\">\n<div class=\"wp-block-columns alignwide are-vertically-aligned-center is-layout-flex wp-container-core-columns-is-layout-e4e53ecd wp-block-columns-is-layout-flex\" style=\"margin-top:var(--wp--preset--spacing--100);margin-bottom:var(--wp--preset--spacing--100)\">\n<div class=\"wp-block-column is-layout-flow wp-block-column-is-layout-flow\" style=\"flex-basis:50%\">\n<figure class=\"wp-block-image size-full\"><img loading=\"lazy\" decoding=\"async\" width=\"900\" height=\"901\" src=\"https:\/\/www.berti.net\/wp-content\/uploads\/refine-catalog-ok.jpg\" alt=\"\" class=\"wp-image-25521\" style=\"box-shadow:var(--wp--preset--shadow--deep)\" srcset=\"https:\/\/berti.net\/wp-content\/uploads\/refine-catalog-ok.jpg 900w, https:\/\/berti.net\/wp-content\/uploads\/refine-catalog-ok-812x812.jpg 812w, https:\/\/berti.net\/wp-content\/uploads\/refine-catalog-ok-406x406.jpg 406w, https:\/\/berti.net\/wp-content\/uploads\/refine-catalog-ok-768x769.jpg 768w\" sizes=\"auto, (max-width: 900px) 100vw, 900px\" \/><\/figure>\n<\/div>\n\n\n\n<div class=\"wp-block-column is-layout-flow wp-block-column-is-layout-flow\" style=\"flex-basis:50%\">\n<h4 class=\"wp-block-heading\" style=\"margin-top:var(--wp--preset--spacing--20);margin-bottom:var(--wp--preset--spacing--20);font-size:clamp(26.944px, 1.684rem + ((1vw - 3.2px) * 1.489), 46px);line-height:1\">Datenblatt herunterladen<\/h4>\n\n\n\n<p class=\"has-text-color has-body-font-family\" style=\"color:#000000;padding-right:16%;font-size:14px\">Laden Sie den Katalog herunter und entdecken Sie die neue REFINE Kollektion von Berti Pavimenti Legno.<\/p>\n\n\n\n<div class=\"wp-block-buttons is-layout-flex wp-block-buttons-is-layout-flex\" style=\"margin-top:var(--wp--preset--spacing--30)\">\n<div class=\"wp-block-button is-style-fill\"><a class=\"wp-block-button__link has-base-3-color has-base-background-color has-text-color has-background has-link-color has-custom-font-size wp-element-button\" href=\"https:\/\/www.berti.net\/wp-content\/uploads\/BERTI_Refine_user_guide_compressed.pdf\" style=\"padding-top:15px;padding-right:40px;padding-bottom:15px;padding-left:40px;font-size:clamp(14px, 0.875rem + ((1vw - 3.2px) * 0.156), 16px);\" target=\"_blank\" rel=\"noreferrer noopener\">DOWNLOAD<\/a><\/div>\n<\/div>\n<\/div>\n<\/div>\n<\/div>\n","protected":false},"excerpt":{"rendered":"<p>Sein frischer Minz-Kiefern-Duft sorgt f\u00fcr ein angenehmes Gef\u00fchl der Sauberkeit. Es ist perfekt f\u00fcr die Reinigung von Fertigparkett, ge\u00f6ltem oder lackiertem Holz und anderen Oberfl\u00e4chen wie Marmor, Terrakotta, Steingut, Glas, Laminat und Linoleum. Es muss nicht abgesp\u00fclt werden, wenn es in der empfohlenen Dosierung verwendet wird, und kann mit einem Wischmopp, Baumwolltuch oder Spr\u00fchwischmopp aufgetragen werden. Hauptmerkmale Modalit\u00e4ten der Verwendung [&hellip;]<\/p>\n","protected":false},"author":2,"featured_media":25342,"template":"","product_collection":[258],"product_type":[],"product_color":[],"class_list":["post-25535","product","type-product","status-publish","has-post-thumbnail","hentry","product_collection-parkett-produkte"],"_links":{"self":[{"href":"https:\/\/berti.net\/de\/wp-json\/wp\/v2\/product\/25535","targetHints":{"allow":["GET"]}}],"collection":[{"href":"https:\/\/berti.net\/de\/wp-json\/wp\/v2\/product"}],"about":[{"href":"https:\/\/berti.net\/de\/wp-json\/wp\/v2\/types\/product"}],"author":[{"embeddable":true,"href":"https:\/\/berti.net\/de\/wp-json\/wp\/v2\/users\/2"}],"wp:featuredmedia":[{"embeddable":true,"href":"https:\/\/berti.net\/de\/wp-json\/wp\/v2\/media\/25342"}],"wp:attachment":[{"href":"https:\/\/berti.net\/de\/wp-json\/wp\/v2\/media?parent=25535"}],"wp:term":[{"taxonomy":"product_collection","embeddable":true,"href":"https:\/\/berti.net\/de\/wp-json\/wp\/v2\/product_collection?post=25535"},{"taxonomy":"product_type","embeddable":true,"href":"https:\/\/berti.net\/de\/wp-json\/wp\/v2\/product_type?post=25535"},{"taxonomy":"product_color","embeddable":true,"href":"https:\/\/berti.net\/de\/wp-json\/wp\/v2\/product_color?post=25535"}],"curies":[{"name":"wp","href":"https:\/\/api.w.org\/{rel}","templated":true}]}}