{"id":24451,"date":"2024-09-20T15:21:42","date_gmt":"2024-09-20T15:21:42","guid":{"rendered":"https:\/\/www.berti.net\/product\/eiche-grey-shadow\/"},"modified":"2025-10-24T09:04:46","modified_gmt":"2025-10-24T09:04:46","slug":"eiche-grey-shadow","status":"publish","type":"product","link":"https:\/\/berti.net\/de\/parkett\/parkett-diesel-wohnen\/eiche-grey-shadow\/","title":{"rendered":"Eiche Grey Shadow"},"content":{"rendered":"\n<div class=\"wp-block-group is-style-container has-global-padding is-content-justification-center is-layout-constrained wp-block-group-is-layout-constrained\">\n<div class=\"wp-block-group is-style-default has-global-padding is-content-justification-left is-layout-constrained wp-container-core-group-is-layout-a6931cc7 wp-block-group-is-layout-constrained\" style=\"margin-top:var(--wp--preset--spacing--130);margin-bottom:var(--wp--preset--spacing--130)\">\n<p class=\"is-style-indent animated fadeIn has-m-22-font-size\">Ein <strong>helles Parkett<\/strong>, das eine Abstufung von Paletten in sanften T\u00f6nen umfasst, von eisgrauer Eiche bis zu Sand, in einem Gesamtfarbschema, das es versteht, warme und kalte Noten mit Eleganz und Stil zu kombinieren.  <\/p>\n\n\n\n<p class=\"is-style-indent animated fadeIn has-m-22-font-size\">Auf die gleiche Weise k\u00f6nnen die Holzdielen, aus denen dieser Boden besteht, unterschiedliche <strong>Perspektiven und Kompositionsspiele<\/strong> erzeugen, die dem Raum Einzigartigkeit und Bewegung verleihen.  <\/p>\n\n\n\n<p class=\"is-style-indent animated fadeIn has-m-22-font-size\"><strong>Grey Shadow<\/strong> Die Wahl eines hellen, lichtdurchfluteten <strong>und umh\u00fcllenden<\/strong> Holzparketts ist ebenso <strong>reizvoll<\/strong> wie <strong>raffiniert<\/strong>, <strong>originell<\/strong> und <strong>eindrucksvoll<\/strong>. Eine Oberfl\u00e4che, die f\u00fcr die Einrichtung von Innenr\u00e4umen konzipiert wurde, in denen helle und schattige T\u00f6ne und ausgewogene Kombinationen kontrastierender Texturen einem <strong>Design mit zeitgen\u00f6ssischem Anspruch<\/strong> Wert verleihen. <\/p>\n<\/div>\n\n\n\n<div class=\"wp-block-group alignfull has-global-padding is-layout-constrained wp-block-group-is-layout-constrained\" style=\"margin-top:0;margin-bottom:0\">\n<figure data-wp-context=\"{&quot;imageId&quot;:&quot;69f0660a30fba&quot;}\" data-wp-interactive=\"core\/image\" data-wp-key=\"69f0660a30fba\" class=\"wp-block-image aligncenter size-full is-style-default wp-lightbox-container\"><img loading=\"lazy\" decoding=\"async\" width=\"653\" height=\"871\" data-wp-class--hide=\"state.isContentHidden\" data-wp-class--show=\"state.isContentVisible\" data-wp-init=\"callbacks.setButtonStyles\" data-wp-on--click=\"actions.showLightbox\" data-wp-on--load=\"callbacks.setButtonStyles\" data-wp-on-window--resize=\"callbacks.setButtonStyles\" src=\"https:\/\/www.berti.net\/wp-content\/uploads\/2024\/09\/parquet-grigio-chiaro-berti-grey-shadow-diesel.jpg\" alt=\"\" class=\"wp-image-6942\" srcset=\"https:\/\/berti.net\/wp-content\/uploads\/2024\/09\/parquet-grigio-chiaro-berti-grey-shadow-diesel.jpg 653w, https:\/\/berti.net\/wp-content\/uploads\/2024\/09\/parquet-grigio-chiaro-berti-grey-shadow-diesel-225x300.jpg 225w\" sizes=\"auto, (max-width: 653px) 100vw, 653px\" \/><button\n\t\t\tclass=\"lightbox-trigger\"\n\t\t\ttype=\"button\"\n\t\t\taria-haspopup=\"dialog\"\n\t\t\taria-label=\"Enlarge\"\n\t\t\tdata-wp-init=\"callbacks.initTriggerButton\"\n\t\t\tdata-wp-on--click=\"actions.showLightbox\"\n\t\t\tdata-wp-style--right=\"state.imageButtonRight\"\n\t\t\tdata-wp-style--top=\"state.imageButtonTop\"\n\t\t>\n\t\t\t<svg xmlns=\"http:\/\/www.w3.org\/2000\/svg\" width=\"12\" height=\"12\" fill=\"none\" viewBox=\"0 0 12 12\">\n\t\t\t\t<path fill=\"#fff\" d=\"M2 0a2 2 0 0 0-2 2v2h1.5V2a.5.5 0 0 1 .5-.5h2V0H2Zm2 10.5H2a.5.5 0 0 1-.5-.5V8H0v2a2 2 0 0 0 2 2h2v-1.5ZM8 12v-1.5h2a.5.5 0 0 0 .5-.5V8H12v2a2 2 0 0 1-2 2H8Zm2-12a2 2 0 0 1 2 2v2h-1.5V2a.5.5 0 0 0-.5-.5H8V0h2Z\" \/>\n\t\t\t<\/svg>\n\t\t<\/button><\/figure>\n\n\n\n<div style=\"height:60px\" aria-hidden=\"true\" class=\"wp-block-spacer\"><\/div>\n<\/div>\n<\/div>\n","protected":false},"excerpt":{"rendered":"<p>Ein helles Parkett, das eine Abstufung von Paletten in sanften T\u00f6nen umfasst, von eisgrauer Eiche bis zu Sand, in einem Gesamtfarbschema, das es versteht, warme und kalte Noten mit Eleganz und Stil zu kombinieren. Auf die gleiche Weise k\u00f6nnen die Holzdielen, aus denen dieser Boden besteht, unterschiedliche Perspektiven und Kompositionsspiele erzeugen, die dem Raum Einzigartigkeit und Bewegung verleihen. Grey Shadow [&hellip;]<\/p>\n","protected":false},"author":2,"featured_media":24455,"template":"","product_collection":[193],"product_type":[],"product_color":[75,77],"class_list":["post-24451","product","type-product","status-publish","has-post-thumbnail","hentry","product_collection-parkett-diesel-wohnen","product_color-chiaro","product_color-grigio"],"_links":{"self":[{"href":"https:\/\/berti.net\/de\/wp-json\/wp\/v2\/product\/24451","targetHints":{"allow":["GET"]}}],"collection":[{"href":"https:\/\/berti.net\/de\/wp-json\/wp\/v2\/product"}],"about":[{"href":"https:\/\/berti.net\/de\/wp-json\/wp\/v2\/types\/product"}],"author":[{"embeddable":true,"href":"https:\/\/berti.net\/de\/wp-json\/wp\/v2\/users\/2"}],"wp:featuredmedia":[{"embeddable":true,"href":"https:\/\/berti.net\/de\/wp-json\/wp\/v2\/media\/24455"}],"wp:attachment":[{"href":"https:\/\/berti.net\/de\/wp-json\/wp\/v2\/media?parent=24451"}],"wp:term":[{"taxonomy":"product_collection","embeddable":true,"href":"https:\/\/berti.net\/de\/wp-json\/wp\/v2\/product_collection?post=24451"},{"taxonomy":"product_type","embeddable":true,"href":"https:\/\/berti.net\/de\/wp-json\/wp\/v2\/product_type?post=24451"},{"taxonomy":"product_color","embeddable":true,"href":"https:\/\/berti.net\/de\/wp-json\/wp\/v2\/product_color?post=24451"}],"curies":[{"name":"wp","href":"https:\/\/api.w.org\/{rel}","templated":true}]}}