{"id":22868,"date":"2025-01-15T10:31:36","date_gmt":"2025-01-15T10:31:36","guid":{"rendered":"https:\/\/www.berti.net\/cookie-richtlinie\/"},"modified":"2025-06-05T07:38:51","modified_gmt":"2025-06-05T07:38:51","slug":"cookie-richtlinie","status":"publish","type":"page","link":"https:\/\/berti.net\/de\/cookie-richtlinie\/","title":{"rendered":"Cookie-Richtlinie"},"content":{"rendered":"\n<div class=\"wp-block-group alignfull hero-title-slider-pattern has-global-padding is-layout-constrained wp-block-group-is-layout-constrained\">\n<div class=\"wp-block-group banner-hero-content has-global-padding is-layout-constrained wp-container-core-group-is-layout-09a7d114 wp-block-group-is-layout-constrained\" style=\"margin-top:var(--wp--preset--spacing--70);margin-bottom:var(--wp--preset--spacing--30)\">\n<div class=\"wp-block-group is-style-container has-global-padding is-layout-constrained wp-container-core-group-is-layout-a816393c wp-block-group-is-layout-constrained\">\n<h1 class=\"wp-block-heading has-text-align-center has-xxl-font-size\" style=\"margin-bottom:16px;letter-spacing:0px;line-height:1\">Cookie-Richtlinie<\/h1>\n<\/div>\n<\/div>\n<\/div>\n\n<div class=\"wp-block-group is-style-container has-global-padding is-layout-constrained wp-block-group-is-layout-constrained\" style=\"padding-top:var(--wp--preset--spacing--60);padding-bottom:var(--wp--preset--spacing--60)\">\n<p>Diese Website verwendet Cookies. Wir verwenden Cookies, um Inhalte und Anzeigen zu personalisieren, um Funktionen f\u00fcr soziale Medien bereitzustellen und um unseren Datenverkehr zu analysieren. Wir geben auch Informationen dar\u00fcber, wie Sie unsere Website nutzen, an unsere Partner f\u00fcr Webanalyse, Werbung und soziale Medien weiter, die diese Informationen mit anderen Informationen kombinieren k\u00f6nnen, die Sie ihnen zur Verf\u00fcgung gestellt haben oder die sie aus Ihrer Nutzung ihrer Dienste gewonnen haben.  <\/p>\n\n\n\n<p>Cookies sind kleine Textdateien, die von Websites verwendet werden k\u00f6nnen, um die Benutzererfahrung effizienter zu gestalten.<br\/><br\/>Das Gesetz besagt, dass wir Cookies auf Ihrem Ger\u00e4t speichern d\u00fcrfen, wenn sie f\u00fcr den Betrieb dieser Website unbedingt erforderlich sind. F\u00fcr alle anderen Arten von Cookies ben\u00f6tigen wir Ihre Zustimmung. <br\/><br\/>Diese Website verwendet verschiedene Arten von Cookies. Einige Cookies werden von Diensten Dritter gesetzt, die auf unseren Seiten erscheinen. <br\/><br\/>Sie k\u00f6nnen Ihre Zustimmung jederzeit \u00fcber die Cookie-Erkl\u00e4rung auf unserer Website \u00e4ndern oder widerrufen.<br\/><br\/>In unseren Datenschutzbestimmungen erfahren Sie mehr dar\u00fcber, wer wir sind, wie Sie uns kontaktieren k\u00f6nnen und wie wir personenbezogene Daten verarbeiten.<br\/><br\/>Geben Sie Ihre Einwilligungs-ID und das Datum an, an dem Sie uns bez\u00fcglich Ihrer Einwilligung kontaktiert haben.<\/p>\n\n\n\n<p>Ihre Zustimmung gilt f\u00fcr die folgenden Websites: blog.berti.net, www.berti.net<\/p>\n\n\n<script\n\t\ttype=\"text\/javascript\"\n\t\tid=\"CookieDeclaration\"\n\t\tsrc=\"https:\/\/consent.cookiebot.com\/6b7a30cd-6c1c-4523-9c2c-38ccea48c3f8\/cd.js\"\n\t\tasync><\/script>\n<\/div>\n","protected":false},"excerpt":{"rendered":"<p>Cookie-Richtlinie Diese Website verwendet Cookies. Wir verwenden Cookies, um Inhalte und Anzeigen zu personalisieren, um Funktionen f\u00fcr soziale Medien bereitzustellen und um unseren Datenverkehr zu analysieren. Wir geben auch Informationen dar\u00fcber, wie Sie unsere Website nutzen, an unsere Partner f\u00fcr Webanalyse, Werbung und soziale Medien weiter, die diese Informationen mit anderen Informationen kombinieren k\u00f6nnen, die Sie ihnen zur Verf\u00fcgung gestellt [&hellip;]<\/p>\n","protected":false},"author":2,"featured_media":0,"parent":0,"menu_order":0,"comment_status":"closed","ping_status":"open","template":"","meta":{"footnotes":""},"class_list":["post-22868","page","type-page","status-publish","hentry"],"_links":{"self":[{"href":"https:\/\/berti.net\/de\/wp-json\/wp\/v2\/pages\/22868","targetHints":{"allow":["GET"]}}],"collection":[{"href":"https:\/\/berti.net\/de\/wp-json\/wp\/v2\/pages"}],"about":[{"href":"https:\/\/berti.net\/de\/wp-json\/wp\/v2\/types\/page"}],"author":[{"embeddable":true,"href":"https:\/\/berti.net\/de\/wp-json\/wp\/v2\/users\/2"}],"replies":[{"embeddable":true,"href":"https:\/\/berti.net\/de\/wp-json\/wp\/v2\/comments?post=22868"}],"version-history":[{"count":1,"href":"https:\/\/berti.net\/de\/wp-json\/wp\/v2\/pages\/22868\/revisions"}],"predecessor-version":[{"id":22873,"href":"https:\/\/berti.net\/de\/wp-json\/wp\/v2\/pages\/22868\/revisions\/22873"}],"wp:attachment":[{"href":"https:\/\/berti.net\/de\/wp-json\/wp\/v2\/media?parent=22868"}],"curies":[{"name":"wp","href":"https:\/\/api.w.org\/{rel}","templated":true}]}}