{"id":22430,"date":"2024-09-17T21:15:06","date_gmt":"2024-09-17T21:15:06","guid":{"rendered":"https:\/\/www.berti.net\/berti-studio-kollektion\/"},"modified":"2025-07-21T12:53:57","modified_gmt":"2025-07-21T12:53:57","slug":"berti-studio-kollektion","status":"publish","type":"page","link":"https:\/\/berti.net\/de\/parkett\/berti-studio-kollektion\/","title":{"rendered":"Berti Studio Kollektion"},"content":{"rendered":"\n<div class=\"wp-block-group alignfull hero-title-slider-pattern has-global-padding is-layout-constrained wp-block-group-is-layout-constrained\">\n<div class=\"wp-block-cover alignfull banner-hero has-aspect-ratio wp-duotone-unset-1\" style=\"padding-top:0px;padding-right:0;padding-bottom:0px;padding-left:0;min-height:516px;aspect-ratio:auto;min-height:unset;\"><img loading=\"lazy\" decoding=\"async\" width=\"1355\" height=\"733\" class=\"wp-block-cover__image-background wp-image-1005\" alt=\"\" src=\"https:\/\/www.berti.net\/wp-content\/uploads\/2024\/10\/bertistudio_slide_ambientato-01.jpg\" style=\"object-position:49% 83%\" data-object-fit=\"cover\" data-object-position=\"49% 83%\" srcset=\"https:\/\/berti.net\/wp-content\/uploads\/2024\/10\/bertistudio_slide_ambientato-01.jpg 1355w, https:\/\/berti.net\/wp-content\/uploads\/2024\/10\/bertistudio_slide_ambientato-01-300x162.jpg 300w, https:\/\/berti.net\/wp-content\/uploads\/2024\/10\/bertistudio_slide_ambientato-01-1024x554.jpg 1024w, https:\/\/berti.net\/wp-content\/uploads\/2024\/10\/bertistudio_slide_ambientato-01-768x415.jpg 768w\" sizes=\"auto, (max-width: 1355px) 100vw, 1355px\" \/><span aria-hidden=\"true\" class=\"wp-block-cover__background has-background-dim wp-block-cover__gradient-background has-background-gradient has-gradient-2-gradient-background\"><\/span><div class=\"wp-block-cover__inner-container is-layout-flow wp-block-cover-is-layout-flow\">\n<div class=\"wp-block-group banner-hero-content has-global-padding is-layout-constrained wp-container-core-group-is-layout-a05d3a21 wp-block-group-is-layout-constrained\">\n<div class=\"wp-block-group has-global-padding is-layout-constrained wp-container-core-group-is-layout-b831be90 wp-block-group-is-layout-constrained\"><h1 style=\"line-height:1;text-transform:capitalize;\" class=\"has-text-align-center has-link-color wp-elements-0ff92931a9d0ec8fa747f9bf38ea851c wp-block-post-title has-text-color has-base-3-color has-heading-font-family\">Berti Studio Kollektion<\/h1><\/div>\n<\/div>\n<\/div><\/div>\n<\/div>\n\n<div class=\"wp-block-group alignwide has-global-padding is-layout-constrained wp-container-core-group-is-layout-92dded1c wp-block-group-is-layout-constrained\" style=\"margin-top:var(--wp--preset--spacing--120);margin-bottom:var(--wp--preset--spacing--120)\">\n<div class=\"wp-block-group title-text-indented-pattern has-global-padding is-layout-constrained wp-container-core-group-is-layout-a31aa551 wp-block-group-is-layout-constrained\">\n<h2 class=\"wp-block-heading animated fadeInUp has-text-color\" style=\"color:#000000\">Ein junger, extrovertierter Stil, der Ver\u00e4nderungen liebt und Konventionen ablehnt.<\/h2>\n\n\n\n<div class=\"wp-block-group animated fadeInUp has-global-padding is-layout-constrained wp-block-group-is-layout-constrained\">\n<p class=\"has-m-22-font-size\" style=\"line-height:1.5\">Aus diesem Grund hat Berti, ein f\u00fchrendes Unternehmen im Bereich der traditionellen Holzfu\u00dfb\u00f6den, <strong>Berti Studio<\/strong> gegr\u00fcndet.<\/p>\n\n\n\n<p class=\"has-m-22-font-size\" style=\"line-height:1.5\">Eine lebendige und originelle Marke, mit der sich das Parkett neu erfindet und zu einem Raum wird, der offen ist f\u00fcr Experimente, das Neue, das Ungew\u00f6hnliche.<\/p>\n<\/div>\n<\/div>\n<\/div>\n\n<div class=\"wp-block-group alignwide has-global-padding is-layout-constrained wp-container-core-group-is-layout-92dded1c wp-block-group-is-layout-constrained\" style=\"margin-top:var(--wp--preset--spacing--120);margin-bottom:var(--wp--preset--spacing--120)\">\n<div class=\"wp-block-group title-text-indented-pattern has-global-padding is-layout-constrained wp-container-core-group-is-layout-a31aa551 wp-block-group-is-layout-constrained\">\n<h2 class=\"wp-block-heading animated fadeInUp has-text-color\" style=\"color:#000000\"><a href=\"https:\/\/www.berti.net\/de\/parkett\/berti-studio-kollektion\/studio-rovere-berti\/\">Eiche<br \/><strong>Berti Studio<\/strong><\/a><\/h2>\n\n\n\n<div class=\"wp-block-group animated fadeInUp has-global-padding is-layout-constrained wp-block-group-is-layout-constrained\">\n<p class=\"has-m-22-font-size\" style=\"line-height:1.5\"><a href=\"https:\/\/www.berti.net\/de\/parkett\/berti-studio-kollektion\/studio-rovere-berti\/\"><strong>Das Studio-Sortiment von Berti Pavimenti<\/strong> bietet Eichendielen und Fischgr\u00e4tmuster, die sich durch Farben, raffinierte Behandlungen und handwerkliches K\u00f6nnen auszeichnen, die zu allen Umgebungen passen und dem Boden eine glamour\u00f6se Ausstrahlung verleihen.<\/a><\/p>\n\n\n\n<div class=\"wp-block-buttons is-layout-flex wp-block-buttons-is-layout-flex\" style=\"margin-top:var(--wp--preset--spacing--50)\">\n<div class=\"wp-block-button is-style-fill\"><a class=\"wp-block-button__link has-contrast-2-color has-base-background-color has-text-color has-background has-link-color wp-element-button\" href=\"https:\/\/www.berti.net\/de\/parkett\/berti-studio-kollektion\/studio-rovere-berti\/\" style=\"padding-top:15px;padding-right:30px;padding-bottom:15px;padding-left:30px\">Entdecken Sie die Kollektion<\/a><\/div>\n<\/div>\n<\/div>\n<\/div>\n<\/div>\n\n<div class=\"wp-block-group alignwide animated fadeIn has-global-padding is-layout-constrained wp-container-core-group-is-layout-d427c859 wp-block-group-is-layout-constrained\" style=\"margin-top:var(--wp--preset--spacing--50);margin-bottom:var(--wp--preset--spacing--50);padding-right:16px;padding-left:16px\">\n<figure class=\"wp-block-image size-large\"><img loading=\"lazy\" decoding=\"async\" width=\"1024\" height=\"554\" src=\"https:\/\/www.berti.net\/wp-content\/uploads\/2024\/10\/bertistudio_greyish_ambientato-01-1024x554.jpg\" alt=\"\" class=\"wp-image-935\" srcset=\"https:\/\/berti.net\/wp-content\/uploads\/2024\/10\/bertistudio_greyish_ambientato-01-1024x554.jpg 1024w, https:\/\/berti.net\/wp-content\/uploads\/2024\/10\/bertistudio_greyish_ambientato-01-300x162.jpg 300w, https:\/\/berti.net\/wp-content\/uploads\/2024\/10\/bertistudio_greyish_ambientato-01-768x415.jpg 768w, https:\/\/berti.net\/wp-content\/uploads\/2024\/10\/bertistudio_greyish_ambientato-01.jpg 1355w\" sizes=\"auto, (max-width: 1024px) 100vw, 1024px\" \/><\/figure>\n<\/div>\n\n<div class=\"wp-block-group alignwide has-global-padding is-layout-constrained wp-container-core-group-is-layout-92dded1c wp-block-group-is-layout-constrained\" style=\"margin-top:var(--wp--preset--spacing--120);margin-bottom:var(--wp--preset--spacing--120)\">\n<div class=\"wp-block-group title-text-indented-pattern has-global-padding is-layout-constrained wp-container-core-group-is-layout-a31aa551 wp-block-group-is-layout-constrained\">\n<h2 class=\"wp-block-heading animated fadeInUp has-text-color\" style=\"color:#000000\">Berti Studio <br \/><strong>Auf Anfrage<\/strong><\/h2>\n\n\n\n<div class=\"wp-block-group animated fadeInUp has-global-padding is-layout-constrained wp-block-group-is-layout-constrained\">\n<p class=\"has-m-22-font-size\" style=\"line-height:1.5\">Die <strong>On Demand-Linie<\/strong> bietet eine au\u00dfergew\u00f6hnliche Vielfalt an Veredelungen und Behandlungen, um einen ma\u00dfgeschneiderten Holzboden zu kreieren.<\/p>\n\n\n\n<p class=\"has-m-22-font-size\" style=\"line-height:1.5\">W\u00e4hlen Sie die Farbe, die Essenz, das Finish, die Oberfl\u00e4chenbehandlung, die Gr\u00f6\u00dfe und die Verlegung, um das Parkett mit den \u00e4sthetischen Eigenschaften zu gestalten, die Sie sich vorstellen.<\/p>\n<\/div>\n<\/div>\n<\/div>\n\n<div class=\"wp-block-group products-group is-style-container has-global-padding is-content-justification-left is-layout-constrained wp-container-core-group-is-layout-5c6e4e02 wp-block-group-is-layout-constrained\" style=\"margin-top:var(--wp--preset--spacing--30)\">\n<h2 class=\"wp-block-heading has-text-align-center products-group-title animated fadeIn has-ml-font-size\">Veredelungen und Behandlungen<br \/>On Demand<\/h2>\n\n\n\n<div class=\"wp-block-group is-layout-flex-4-col-template has-global-padding is-content-justification-center is-layout-constrained wp-block-group-is-layout-constrained\">\n<div class=\"wp-block-group grid-4-col-item is-layout-flow wp-block-group-is-layout-flow\">\n<figure class=\"wp-block-image size-full\"><a href=\"https:\/\/www.berti.net\/de\/parkett\/berti-studio-kollektion\/veredelungen-und-behandlungen-auf-anfrage\/\"><img loading=\"lazy\" decoding=\"async\" width=\"1908\" height=\"1908\" src=\"https:\/\/www.berti.net\/wp-content\/uploads\/2024\/09\/parquet-on-demand.jpg\" alt=\"Berti Studio On Demand\" class=\"wp-image-466\" srcset=\"https:\/\/berti.net\/wp-content\/uploads\/2024\/09\/parquet-on-demand.jpg 1908w, https:\/\/berti.net\/wp-content\/uploads\/2024\/09\/parquet-on-demand-300x300.jpg 300w, https:\/\/berti.net\/wp-content\/uploads\/2024\/09\/parquet-on-demand-1024x1024.jpg 1024w, https:\/\/berti.net\/wp-content\/uploads\/2024\/09\/parquet-on-demand-150x150.jpg 150w, https:\/\/berti.net\/wp-content\/uploads\/2024\/09\/parquet-on-demand-768x768.jpg 768w, https:\/\/berti.net\/wp-content\/uploads\/2024\/09\/parquet-on-demand-1536x1536.jpg 1536w\" sizes=\"auto, (max-width: 1908px) 100vw, 1908px\" \/><\/a><\/figure>\n\n\n\n<h3 class=\"wp-block-heading has-heading-font-family\" style=\"font-size:clamp(15.747px, 0.984rem + ((1vw - 3.2px) * 0.645), 24px);\"><strong><a href=\"https:\/\/www.berti.net\/de\/parkett\/berti-studio-kollektion\/veredelungen-und-behandlungen-auf-anfrage\/\">Abrufbar<\/a><\/strong><\/h3>\n\n\n\n<p class=\"has-body-font-family\" style=\"padding-top:0;padding-right:0;padding-bottom:0;padding-left:0;font-size:clamp(14px, 0.875rem + ((1vw - 3.2px) * 0.313), 18px);line-height:1\"><a href=\"https:\/\/www.berti.net\/de\/parkett\/berti-studio-kollektion\/veredelungen-und-behandlungen-auf-anfrage\/\">Berti Studio Kollektion<\/a><\/p>\n<\/div>\n<\/div>\n<\/div>\n\n<div class=\"wp-block-group has-global-padding is-layout-constrained wp-block-group-is-layout-constrained\" style=\"margin-top:var(--wp--preset--spacing--40);margin-bottom:var(--wp--preset--spacing--60)\">\n<figure class=\"wp-block-embed is-type-video is-provider-youtube wp-block-embed-youtube wp-embed-aspect-16-9 wp-has-aspect-ratio\"><div class=\"wp-block-embed__wrapper\">\n<iframe loading=\"lazy\" title=\"Collezione Berti Studio\" width=\"500\" height=\"281\" src=\"https:\/\/www.youtube.com\/embed\/8Sn68hsM05E?feature=oembed&#038;enablejsapi=1&#038;origin=https:\/\/www.berti.net\" frameborder=\"0\" allow=\"accelerometer; autoplay; clipboard-write; encrypted-media; gyroscope; picture-in-picture; web-share\" referrerpolicy=\"strict-origin-when-cross-origin\" allowfullscreen><\/iframe>\n<\/div><\/figure>\n<\/div>\n\n<div class=\"wp-block-cover alignfull is-light estimate-request-content animated fadeIn\" style=\"margin-top:0\"><img decoding=\"async\" class=\"wp-block-cover__image-background\" alt=\"\" src=\"https:\/\/www.berti.net\/wp-content\/themes\/thombase\/public\/images\/estimateBanner.webp\" data-object-fit=\"cover\" \/><span aria-hidden=\"true\" class=\"wp-block-cover__background has-background-dim-0 has-background-dim\"><\/span><div class=\"wp-block-cover__inner-container has-global-padding is-layout-constrained wp-block-cover-is-layout-constrained\">\n<div id=\"estimate\" class=\"wp-block-group alignleft estimate-request-content-inner has-global-padding is-content-justification-left is-layout-constrained wp-container-core-group-is-layout-94054b8f wp-block-group-is-layout-constrained\">\n<h5 class=\"wp-block-heading\">Fordern Sie ein <strong>Angebot<\/strong> an,<br \/>betreten Sie die Berti-Welt<\/h5>\n\n\n\n<p style=\"line-height:1.5\">F\u00fcllen Sie das Formular aus, um ein Preventivo anzufordern.  <br \/>Sie werden in K\u00fcrze eine Antwort von unseren Mitarbeitern erhalten.<\/p>\n\n\n\n<div class=\"wp-block-buttons is-layout-flex wp-block-buttons-is-layout-flex\">\n<div class=\"wp-block-button is-style-link\"><a class=\"wp-block-button__link wp-element-button\" href=\"https:\/\/www.berti.net\/de\/ein-preventivo-anfordern\/\">JETZT BEWERBEN<\/a><\/div>\n<\/div>\n<\/div>\n<\/div><\/div>\n","protected":false},"excerpt":{"rendered":"<p>Ein junger, extrovertierter Stil, der Ver\u00e4nderungen liebt und Konventionen ablehnt. Aus diesem Grund hat Berti, ein f\u00fchrendes Unternehmen im Bereich der traditionellen Holzfu\u00dfb\u00f6den, Berti Studio gegr\u00fcndet. Eine lebendige und originelle Marke, mit der sich das Parkett neu erfindet und zu einem Raum wird, der offen ist f\u00fcr Experimente, das Neue, das Ungew\u00f6hnliche. EicheBerti Studio Das Studio-Sortiment von Berti Pavimenti bietet [&hellip;]<\/p>\n","protected":false},"author":2,"featured_media":0,"parent":22426,"menu_order":0,"comment_status":"closed","ping_status":"closed","template":"page-with-overlying-header","meta":{"footnotes":""},"class_list":["post-22430","page","type-page","status-publish","hentry"],"_links":{"self":[{"href":"https:\/\/berti.net\/de\/wp-json\/wp\/v2\/pages\/22430","targetHints":{"allow":["GET"]}}],"collection":[{"href":"https:\/\/berti.net\/de\/wp-json\/wp\/v2\/pages"}],"about":[{"href":"https:\/\/berti.net\/de\/wp-json\/wp\/v2\/types\/page"}],"author":[{"embeddable":true,"href":"https:\/\/berti.net\/de\/wp-json\/wp\/v2\/users\/2"}],"replies":[{"embeddable":true,"href":"https:\/\/berti.net\/de\/wp-json\/wp\/v2\/comments?post=22430"}],"version-history":[{"count":8,"href":"https:\/\/berti.net\/de\/wp-json\/wp\/v2\/pages\/22430\/revisions"}],"predecessor-version":[{"id":26025,"href":"https:\/\/berti.net\/de\/wp-json\/wp\/v2\/pages\/22430\/revisions\/26025"}],"up":[{"embeddable":true,"href":"https:\/\/berti.net\/de\/wp-json\/wp\/v2\/pages\/22426"}],"wp:attachment":[{"href":"https:\/\/berti.net\/de\/wp-json\/wp\/v2\/media?parent=22430"}],"curies":[{"name":"wp","href":"https:\/\/api.w.org\/{rel}","templated":true}]}}