{"id":22248,"date":"2024-09-12T13:22:19","date_gmt":"2024-09-12T13:22:19","guid":{"rendered":"https:\/\/www.berti.net\/herunterladen\/technische-datenblatter\/"},"modified":"2025-11-12T08:36:07","modified_gmt":"2025-11-12T08:36:07","slug":"technische-datenblatter","status":"publish","type":"page","link":"https:\/\/berti.net\/de\/herunterladen\/technische-datenblatter\/","title":{"rendered":"Technische Datenbl\u00e4tter"},"content":{"rendered":"\n<div class=\"wp-block-group alignfull hero-title-slider-pattern has-global-padding is-layout-constrained wp-block-group-is-layout-constrained\">\n<div class=\"wp-block-group banner-hero-content has-global-padding is-layout-constrained wp-container-core-group-is-layout-09a7d114 wp-block-group-is-layout-constrained\" style=\"margin-top:var(--wp--preset--spacing--70);margin-bottom:var(--wp--preset--spacing--30)\">\n<div class=\"wp-block-group is-style-container has-global-padding is-layout-constrained wp-container-core-group-is-layout-a816393c wp-block-group-is-layout-constrained\">\n<h1 class=\"wp-block-heading has-text-align-center has-xxl-font-size\" style=\"margin-bottom:16px;letter-spacing:0px;line-height:1\">Technische Datenbl\u00e4tter<\/h1>\n\n\n\n<p class=\"has-text-align-center has-base-color has-text-color has-link-color has-xxs-font-size wp-elements-3734e5b3afbc8c958f5b79b8528e21b8\" style=\"margin-top:var(--wp--preset--spacing--30);line-height:1.45;text-decoration:none\">\n                <a href=\"https:\/\/www.berti.net\/de\/herunterladen\/\">Zur\u00fcck zur Liste<\/a>\n            <\/p>\n<\/div>\n<\/div>\n<\/div>\n\n<div class=\"wp-block-group is-style-container has-global-padding is-layout-constrained wp-block-group-is-layout-constrained\" style=\"margin-top:var(--wp--preset--spacing--90);margin-bottom:var(--wp--preset--spacing--90)\">\n<div class=\"wp-block-columns is-layout-flex wp-container-core-columns-is-layout-cf05694f wp-block-columns-is-layout-flex\">\n<div class=\"wp-block-column is-layout-flow wp-block-column-is-layout-flow\" style=\"flex-basis:30%\">\n<div class=\"wp-block-group has-base-color has-text-color has-link-color has-m-font-size wp-elements-a047e70b0a561c3c83b17e5b25c466e2 is-vertical is-nowrap is-layout-flex wp-container-core-group-is-layout-6fe931d8 wp-block-group-is-layout-flex\" style=\"border-top-color:var(--wp--preset--color--base);border-top-width:2px\"><ul class=\"wp-block-page-list has-m-font-size\"><li class=\"wp-block-pages-list__item\"><a class=\"wp-block-pages-list__item__link\" href=\"https:\/\/berti.net\/de\/herunterladen\/kataloge-und-arbeitsbucher\/\">Kataloge und Arbeitsb\u00fccher<\/a><\/li><li class=\"wp-block-pages-list__item\"><a class=\"wp-block-pages-list__item__link\" href=\"https:\/\/berti.net\/de\/herunterladen\/pressemappe\/\">Pressemappe<\/a><\/li><li class=\"wp-block-pages-list__item\"><a class=\"wp-block-pages-list__item__link\" href=\"https:\/\/berti.net\/de\/herunterladen\/technische-datenblatter\/\">Technische Datenbl\u00e4tter<\/a><\/li><\/ul><\/div>\n<\/div>\n\n\n\n<div class=\"wp-block-column is-layout-flow wp-block-column-is-layout-flow\" style=\"flex-basis:70%\">\n<div class=\"wp-block-group thom-download-list has-s-font-size has-global-padding is-layout-constrained wp-block-group-is-layout-constrained\" style=\"line-height:1.5\">\n<div class=\"wp-block-group has-body-font-family has-s-font-size is-layout-flex wp-container-core-group-is-layout-a671d2dd wp-block-group-is-layout-flex\" style=\"border-top-color:var(--wp--preset--color--base);border-top-width:1px;border-bottom-color:var(--wp--preset--color--base);border-bottom-width:1px;margin-top:0;margin-bottom:0;padding-top:20px;padding-right:46px;padding-bottom:20px;padding-left:var(--wp--preset--spacing--10)\">\n<h6 class=\"wp-block-heading has-body-font-family has-s-font-size\"><strong>Berti Essential<\/strong><\/h6>\n\n\n\n<p class=\"has-s-font-size wp-container-content-9cfa9a5a\">Technische Datenbl\u00e4tter<\/p>\n\n\n\n<div class=\"wp-block-file icon-download has-link-color\"><a id=\"wp-block-file--media-3b7d9781-7f77-409e-b4ae-9985702a105f\" href=\"https:\/\/www.berti.net\/wp-content\/uploads\/BERTI_rovere-essential_schede-tecniche_2025_IT.zip\" target=\"_blank\" rel=\"noreferrer noopener\">BERTI_Eiche-Essential_Technische-Datenbl\u00e4tter_2025_DE<\/a><a href=\"https:\/\/www.berti.net\/wp-content\/uploads\/BERTI_rovere-essential_schede-tecniche_2025_IT.zip\" class=\"wp-block-file__button wp-element-button\" download=\"\" aria-describedby=\"wp-block-file--media-3b7d9781-7f77-409e-b4ae-9985702a105f\">Herunterladen<\/a><\/div>\n<\/div>\n\n\n\n<div class=\"wp-block-group is-layout-flex wp-container-core-group-is-layout-ae06bbc4 wp-block-group-is-layout-flex\" style=\"border-bottom-color:var(--wp--preset--color--base);border-bottom-width:1px;margin-top:0;margin-bottom:0;padding-top:20px;padding-right:46px;padding-bottom:20px;padding-left:var(--wp--preset--spacing--10)\">\n<h6 class=\"wp-block-heading has-body-font-family has-s-font-size\"><strong>Berti Studio<\/strong><span class=\"bt-download-list__item--text\" style=\"box-sizing: border-box; font-size: 18px; font-stretch: normal; line-height: 30px; color: rgb(51, 51, 51); font-family: Karla; white-space-collapse: collapse; background-color: rgb(255, 255, 255);\"><\/span><\/h6>\n\n\n\n<p class=\"wp-container-content-9cfa9a5a\">Technische Datenbl\u00e4tter<\/p>\n\n\n\n<div class=\"wp-block-file icon-download has-link-color\"><a id=\"wp-block-file--media-cb95bcea-b84a-468c-8650-9846a96a6e50\" href=\"https:\/\/www.berti.net\/wp-content\/uploads\/10.2025-bertistudio_schede-tecniche_it.zip\" target=\"_blank\" rel=\"noreferrer noopener\">10.2025-bertistudio_schede-tecniche_it<\/a><a href=\"https:\/\/www.berti.net\/wp-content\/uploads\/10.2025-bertistudio_schede-tecniche_it.zip\" class=\"wp-block-file__button wp-element-button\" download=\"\" aria-describedby=\"wp-block-file--media-cb95bcea-b84a-468c-8650-9846a96a6e50\">Herunterladen<\/a><\/div>\n<\/div>\n\n\n\n<div class=\"wp-block-group is-layout-flex wp-container-core-group-is-layout-ae06bbc4 wp-block-group-is-layout-flex\" style=\"border-bottom-color:var(--wp--preset--color--base);border-bottom-width:1px;margin-top:0;margin-bottom:0;padding-top:20px;padding-right:46px;padding-bottom:20px;padding-left:var(--wp--preset--spacing--10)\">\n<h6 class=\"wp-block-heading has-body-font-family has-s-font-size\"><strong>Countryside<\/strong><span class=\"bt-download-list__item--text\" style=\"box-sizing: border-box; font-size: 18px; font-stretch: normal; line-height: 30px; color: rgb(51, 51, 51); font-family: Karla; white-space-collapse: collapse; background-color: rgb(255, 255, 255);\"><\/span><\/h6>\n\n\n\n<p class=\"wp-container-content-9cfa9a5a\">Technische Datenbl\u00e4tter<\/p>\n\n\n\n<div class=\"wp-block-file icon-download has-link-color\"><a id=\"wp-block-file--media-1db526f9-0a20-4b60-a795-6425ccb7cf9c\" href=\"https:\/\/www.berti.net\/wp-content\/uploads\/countryside_schede-tecniche_it-2025.zip\" target=\"_blank\" rel=\"noreferrer noopener\">countryside_technische-datenbl\u00e4tter_de 2025<\/a><a href=\"https:\/\/www.berti.net\/wp-content\/uploads\/countryside_schede-tecniche_it-2025.zip\" class=\"wp-block-file__button wp-element-button\" download=\"\" aria-describedby=\"wp-block-file--media-1db526f9-0a20-4b60-a795-6425ccb7cf9c\">Herunterladen<\/a><\/div>\n<\/div>\n\n\n\n<div class=\"wp-block-group is-layout-flex wp-container-core-group-is-layout-ae06bbc4 wp-block-group-is-layout-flex\" style=\"border-bottom-color:var(--wp--preset--color--base);border-bottom-width:1px;margin-top:0;margin-bottom:0;padding-top:20px;padding-right:46px;padding-bottom:20px;padding-left:var(--wp--preset--spacing--10)\">\n<h6 class=\"wp-block-heading has-body-font-family has-s-font-size\"><strong>Diesel Wohnen mit Berti<\/strong><span class=\"bt-download-list__item--text\" style=\"box-sizing: border-box; font-size: 18px; font-stretch: normal; line-height: 30px; color: rgb(51, 51, 51); font-family: Karla; white-space-collapse: collapse; background-color: rgb(255, 255, 255);\"><\/span><\/h6>\n\n\n\n<p class=\"wp-container-content-9cfa9a5a\">Technische Datenbl\u00e4tter<\/p>\n\n\n\n<div class=\"wp-block-file icon-download has-link-color\"><a id=\"wp-block-file--media-a08c1cc7-5e12-4d41-9bd5-da8ba9f13b26\" href=\"https:\/\/www.berti.net\/wp-content\/uploads\/102025-Berti_diesel-living_schede-tecniche.zip\" target=\"_blank\" rel=\"noreferrer noopener\">10:2025-Berti_diesel-living_technische-Datenbl\u00e4tter<\/a><a href=\"https:\/\/www.berti.net\/wp-content\/uploads\/102025-Berti_diesel-living_schede-tecniche.zip\" class=\"wp-block-file__button wp-element-button\" download=\"\" aria-describedby=\"wp-block-file--media-a08c1cc7-5e12-4d41-9bd5-da8ba9f13b26\">Herunterladen<\/a><\/div>\n<\/div>\n\n\n\n<div class=\"wp-block-group is-layout-flex wp-container-core-group-is-layout-ae06bbc4 wp-block-group-is-layout-flex\" style=\"border-bottom-color:var(--wp--preset--color--base);border-bottom-width:1px;margin-top:0;margin-bottom:0;padding-top:20px;padding-right:46px;padding-bottom:20px;padding-left:var(--wp--preset--spacing--10)\">\n<h6 class=\"wp-block-heading has-body-font-family has-s-font-size\"><strong>Square Space<\/strong><span class=\"bt-download-list__item--text\" style=\"box-sizing: border-box; font-size: 18px; font-stretch: normal; line-height: 30px; color: rgb(51, 51, 51); font-family: Karla; white-space-collapse: collapse; background-color: rgb(255, 255, 255);\"><\/span><\/h6>\n\n\n\n<p class=\"wp-container-content-9cfa9a5a\">Technische Datenbl\u00e4tter<\/p>\n\n\n\n<div class=\"wp-block-file icon-download has-link-color\"><a id=\"wp-block-file--media-e03dca51-fa21-485e-b05c-55fec22b91ce\" href=\"https:\/\/www.berti.net\/wp-content\/uploads\/schede-tecniche_quadrotte_square-space2025.pdf\" target=\"_blank\" rel=\"noreferrer noopener\">technische-datenbl\u00e4tter_quadratfliesen_square-space2025<\/a><a href=\"https:\/\/www.berti.net\/wp-content\/uploads\/schede-tecniche_quadrotte_square-space2025.pdf\" class=\"wp-block-file__button wp-element-button\" download=\"\" aria-describedby=\"wp-block-file--media-e03dca51-fa21-485e-b05c-55fec22b91ce\">Herunterladen<\/a><\/div>\n<\/div>\n<\/div>\n<\/div>\n<\/div>\n<\/div>\n\n<div style=\"height:var(--wp--preset--spacing--80)\" aria-hidden=\"true\" class=\"wp-block-spacer\"><\/div>\n\n<div class=\"wp-block-cover alignfull is-light estimate-request-content\" style=\"margin-top:0\"><img decoding=\"async\" class=\"wp-block-cover__image-background\" alt=\"\" src=\"https:\/\/www.berti.net\/wp-content\/themes\/thombase\/public\/images\/estimateBanner.webp\" data-object-fit=\"cover\"\/><span aria-hidden=\"true\" class=\"wp-block-cover__background has-background-dim-0 has-background-dim\"><\/span><div class=\"wp-block-cover__inner-container has-global-padding is-layout-constrained wp-block-cover-is-layout-constrained\">\n<div id=\"estimate\" class=\"wp-block-group alignleft estimate-request-content-inner has-global-padding is-content-justification-left is-layout-constrained wp-container-core-group-is-layout-94054b8f wp-block-group-is-layout-constrained\">\n<h5 class=\"wp-block-heading\">Fordern Sie ein <strong>Angebot<\/strong> an,<br\/>betreten Sie die Berti-Welt<\/h5>\n\n\n\n<p>F\u00fcllen Sie das Formular aus, um ein Preventivo anzufordern.  <br\/>Sie werden in K\u00fcrze eine Antwort von unseren Mitarbeitern erhalten.<\/p>\n\n\n\n<div class=\"wp-block-buttons is-layout-flex wp-block-buttons-is-layout-flex\">\n<div class=\"wp-block-button is-style-link\"><a class=\"wp-block-button__link wp-element-button\" href=\"https:\/\/www.berti.net\/de\/ein-preventivo-anfordern\/\">JETZT BEWERBEN<\/a><\/div>\n<\/div>\n<\/div>\n<\/div><\/div>\n","protected":false},"excerpt":{"rendered":"<p>Technische Datenbl\u00e4tter Zur\u00fcck zur Liste Berti Essential Technische Datenbl\u00e4tter Berti Studio Technische Datenbl\u00e4tter Countryside Technische Datenbl\u00e4tter Diesel Wohnen mit Berti Technische Datenbl\u00e4tter Square Space Technische Datenbl\u00e4tter<\/p>\n","protected":false},"author":2,"featured_media":0,"parent":22244,"menu_order":0,"comment_status":"closed","ping_status":"closed","template":"","meta":{"footnotes":""},"class_list":["post-22248","page","type-page","status-publish","hentry"],"_links":{"self":[{"href":"https:\/\/berti.net\/de\/wp-json\/wp\/v2\/pages\/22248","targetHints":{"allow":["GET"]}}],"collection":[{"href":"https:\/\/berti.net\/de\/wp-json\/wp\/v2\/pages"}],"about":[{"href":"https:\/\/berti.net\/de\/wp-json\/wp\/v2\/types\/page"}],"author":[{"embeddable":true,"href":"https:\/\/berti.net\/de\/wp-json\/wp\/v2\/users\/2"}],"replies":[{"embeddable":true,"href":"https:\/\/berti.net\/de\/wp-json\/wp\/v2\/comments?post=22248"}],"version-history":[{"count":14,"href":"https:\/\/berti.net\/de\/wp-json\/wp\/v2\/pages\/22248\/revisions"}],"predecessor-version":[{"id":28852,"href":"https:\/\/berti.net\/de\/wp-json\/wp\/v2\/pages\/22248\/revisions\/28852"}],"up":[{"embeddable":true,"href":"https:\/\/berti.net\/de\/wp-json\/wp\/v2\/pages\/22244"}],"wp:attachment":[{"href":"https:\/\/berti.net\/de\/wp-json\/wp\/v2\/media?parent=22248"}],"curies":[{"name":"wp","href":"https:\/\/api.w.org\/{rel}","templated":true}]}}