{"id":22244,"date":"2024-09-12T13:20:20","date_gmt":"2024-09-12T13:20:20","guid":{"rendered":"https:\/\/www.berti.net\/herunterladen\/"},"modified":"2025-06-09T14:03:14","modified_gmt":"2025-06-09T14:03:14","slug":"herunterladen","status":"publish","type":"page","link":"https:\/\/berti.net\/de\/herunterladen\/","title":{"rendered":"Herunterladen"},"content":{"rendered":"\n<div class=\"wp-block-group alignfull hero-title-slider-pattern has-global-padding is-layout-constrained wp-block-group-is-layout-constrained\">\n<div class=\"wp-block-group banner-hero-content has-global-padding is-layout-constrained wp-container-core-group-is-layout-09a7d114 wp-block-group-is-layout-constrained\" style=\"margin-top:var(--wp--preset--spacing--70);margin-bottom:var(--wp--preset--spacing--30)\">\n<div class=\"wp-block-group is-style-container has-global-padding is-layout-constrained wp-container-core-group-is-layout-a816393c wp-block-group-is-layout-constrained\">\n<h1 class=\"wp-block-heading has-text-align-center has-xxl-font-size\" style=\"margin-bottom:16px;letter-spacing:0px;line-height:1\">Download-Bereich<\/h1>\n\n\n\n<p class=\"has-text-align-center has-m-22-font-size\" style=\"line-height:1.45\">In diesem Bereich finden Sie alle Ressourcen, die Sie ben\u00f6tigen, um mehr \u00fcber die Welt der Berti-B\u00f6den zu erfahren. <strong>Kataloge<\/strong>, <strong>technische Datenbl\u00e4tter<\/strong>, <strong>Verlegeanleitungen<\/strong> und <strong>Informationsmaterial<\/strong> stehen zu Ihrer Verf\u00fcgung, um Ihnen bei der Auswahl der idealen L\u00f6sung zu helfen und jedes Detail unserer Produkte kennen zu lernen. Laden Sie die Dokumente herunter, die Sie ben\u00f6tigen, und entdecken Sie die Exzellenz und Qualit\u00e4t, die <strong>Berti Wood Flooring aus<\/strong>zeichnen. <\/p>\n<\/div>\n<\/div>\n<\/div>\n\n\n\n<div class=\"wp-block-group is-style-container has-global-padding is-layout-constrained wp-block-group-is-layout-constrained\" style=\"margin-top:var(--wp--preset--spacing--60);margin-bottom:var(--wp--preset--spacing--60)\">\n<div class=\"wp-block-columns is-layout-flex wp-container-core-columns-is-layout-7fc3d43a wp-block-columns-is-layout-flex\">\n<div class=\"wp-block-column is-layout-flow wp-block-column-is-layout-flow\" style=\"flex-basis:33.34%\">\n<div class=\"wp-block-group is-style-default hover-border-item is-vertical is-content-justification-left is-nowrap is-layout-flex wp-container-core-group-is-layout-87328470 wp-block-group-is-layout-flex\">\n<div class=\"wp-block-group image-container has-global-padding is-layout-constrained wp-block-group-is-layout-constrained\">\n<figure class=\"wp-block-image size-large\"><a href=\"https:\/\/www.berti.net\/de\/herunterladen\/kataloge-und-arbeitsbucher\/\"><img loading=\"lazy\" decoding=\"async\" width=\"1920\" height=\"1920\" src=\"https:\/\/www.berti.net\/wp-content\/uploads\/berti-pavimenti-in-legno_parquet-download-catalogo-1920x1920.jpg\" alt=\"\" class=\"wp-image-11420\" srcset=\"https:\/\/berti.net\/wp-content\/uploads\/berti-pavimenti-in-legno_parquet-download-catalogo-1920x1920.jpg 1920w, https:\/\/berti.net\/wp-content\/uploads\/berti-pavimenti-in-legno_parquet-download-catalogo-812x812.jpg 812w, https:\/\/berti.net\/wp-content\/uploads\/berti-pavimenti-in-legno_parquet-download-catalogo-406x406.jpg 406w, https:\/\/berti.net\/wp-content\/uploads\/berti-pavimenti-in-legno_parquet-download-catalogo-768x768.jpg 768w, https:\/\/berti.net\/wp-content\/uploads\/berti-pavimenti-in-legno_parquet-download-catalogo-1536x1536.jpg 1536w, https:\/\/berti.net\/wp-content\/uploads\/berti-pavimenti-in-legno_parquet-download-catalogo-2048x2048.jpg 2048w, https:\/\/berti.net\/wp-content\/uploads\/berti-pavimenti-in-legno_parquet-download-catalogo-300x300.jpg 300w, https:\/\/berti.net\/wp-content\/uploads\/berti-pavimenti-in-legno_parquet-download-catalogo-400x400.jpg 400w, https:\/\/berti.net\/wp-content\/uploads\/berti-pavimenti-in-legno_parquet-download-catalogo-600x600.jpg 600w\" sizes=\"auto, (max-width: 1920px) 100vw, 1920px\" \/><\/a><\/figure>\n<\/div>\n\n\n\n<div class=\"wp-block-group has-global-padding is-content-justification-left is-layout-constrained wp-container-core-group-is-layout-cc1c0e03 wp-block-group-is-layout-constrained\" style=\"padding-right:var(--wp--preset--spacing--10);padding-left:var(--wp--preset--spacing--10)\">\n<h2 class=\"wp-block-heading has-base-color has-text-color has-link-color has-m-22-font-size wp-elements-722450f502c58fea6817e07aa08f0edf\" style=\"text-decoration:none\"><a href=\"https:\/\/www.berti.net\/de\/herunterladen\/kataloge-und-arbeitsbucher\/\">Kataloge und Arbeitsb\u00fccher<\/a><\/h2>\n<\/div>\n<\/div>\n<\/div>\n\n\n\n<div class=\"wp-block-column is-layout-flow wp-block-column-is-layout-flow\" style=\"flex-basis:33.34%\">\n<div class=\"wp-block-group is-style-default hover-border-item is-vertical is-content-justification-left is-nowrap is-layout-flex wp-container-core-group-is-layout-87328470 wp-block-group-is-layout-flex\">\n<div class=\"wp-block-group image-container has-global-padding is-layout-constrained wp-block-group-is-layout-constrained\">\n<figure class=\"wp-block-image size-large\"><a href=\"https:\/\/www.berti.net\/de\/herunterladen\/technische-datenblatter\/\"><img loading=\"lazy\" decoding=\"async\" width=\"1022\" height=\"1024\" src=\"https:\/\/www.berti.net\/wp-content\/uploads\/2024\/09\/download1-1022x1024.png\" alt=\"\" class=\"wp-image-100\" srcset=\"https:\/\/berti.net\/wp-content\/uploads\/2024\/09\/download1-1022x1024.png 1022w, https:\/\/berti.net\/wp-content\/uploads\/2024\/09\/download1-300x300.png 300w, https:\/\/berti.net\/wp-content\/uploads\/2024\/09\/download1-150x150.png 150w, https:\/\/berti.net\/wp-content\/uploads\/2024\/09\/download1-768x769.png 768w, https:\/\/berti.net\/wp-content\/uploads\/2024\/09\/download1.png 1066w\" sizes=\"auto, (max-width: 1022px) 100vw, 1022px\" \/><\/a><\/figure>\n<\/div>\n\n\n\n<div class=\"wp-block-group has-global-padding is-layout-constrained wp-container-core-group-is-layout-b13d32f8 wp-block-group-is-layout-constrained\" style=\"padding-right:var(--wp--preset--spacing--10);padding-left:var(--wp--preset--spacing--10)\">\n<h2 class=\"wp-block-heading has-text-align-left has-base-color has-text-color has-link-color has-m-22-font-size wp-elements-b0d901659d81df33a8909850dfcf4f4a\" style=\"text-decoration:none\"><a href=\"https:\/\/www.berti.net\/de\/herunterladen\/technische-datenblatter\/\">Technische Datenbl\u00e4tter<\/a><\/h2>\n<\/div>\n<\/div>\n<\/div>\n\n\n\n<div class=\"wp-block-column is-layout-flow wp-block-column-is-layout-flow\" style=\"flex-basis:33.33%\">\n<div class=\"wp-block-group is-style-default hover-border-item is-vertical is-content-justification-left is-nowrap is-layout-flex wp-container-core-group-is-layout-87328470 wp-block-group-is-layout-flex\">\n<div class=\"wp-block-group image-container has-global-padding is-layout-constrained wp-block-group-is-layout-constrained\">\n<figure class=\"wp-block-image size-large\"><a href=\"https:\/\/www.berti.net\/de\/herunterladen\/pressemappe\/\"><img loading=\"lazy\" decoding=\"async\" width=\"1022\" height=\"1024\" src=\"https:\/\/www.berti.net\/wp-content\/uploads\/2024\/09\/download2-1022x1024.png\" alt=\"\" class=\"wp-image-99\" srcset=\"https:\/\/berti.net\/wp-content\/uploads\/2024\/09\/download2-1022x1024.png 1022w, https:\/\/berti.net\/wp-content\/uploads\/2024\/09\/download2-300x300.png 300w, https:\/\/berti.net\/wp-content\/uploads\/2024\/09\/download2-150x150.png 150w, https:\/\/berti.net\/wp-content\/uploads\/2024\/09\/download2-768x769.png 768w, https:\/\/berti.net\/wp-content\/uploads\/2024\/09\/download2.png 1066w\" sizes=\"auto, (max-width: 1022px) 100vw, 1022px\" \/><\/a><\/figure>\n<\/div>\n\n\n\n<div class=\"wp-block-group has-global-padding is-layout-constrained wp-container-core-group-is-layout-b13d32f8 wp-block-group-is-layout-constrained\" style=\"padding-right:var(--wp--preset--spacing--10);padding-left:var(--wp--preset--spacing--10)\">\n<h2 class=\"wp-block-heading has-base-color has-text-color has-link-color has-m-22-font-size wp-elements-6898f92d398b8d03bac601fc2b0bcd71\" style=\"text-decoration:none\"><a href=\"https:\/\/www.berti.net\/de\/herunterladen\/pressemappe\/\">Pressemappe<\/a><\/h2>\n<\/div>\n<\/div>\n<\/div>\n<\/div>\n<\/div>\n\n\n\n<div style=\"height:var(--wp--preset--spacing--80)\" aria-hidden=\"true\" class=\"wp-block-spacer\"><\/div>\n\n\n\n<div class=\"wp-block-cover alignfull is-light estimate-request-content\" style=\"margin-top:0\"><img decoding=\"async\" class=\"wp-block-cover__image-background\" alt=\"\" src=\"https:\/\/www.berti.net\/wp-content\/themes\/thombase\/public\/images\/estimateBanner.webp\" data-object-fit=\"cover\"\/><span aria-hidden=\"true\" class=\"wp-block-cover__background has-background-dim-0 has-background-dim\"><\/span><div class=\"wp-block-cover__inner-container has-global-padding is-layout-constrained wp-block-cover-is-layout-constrained\">\n<div id=\"estimate\" class=\"wp-block-group alignleft estimate-request-content-inner has-global-padding is-content-justification-left is-layout-constrained wp-container-core-group-is-layout-94054b8f wp-block-group-is-layout-constrained\">\n<h5 class=\"wp-block-heading\">Fordern Sie ein <strong>Angebot<\/strong> an, betreten Sie die Berti-Welt<\/h5>\n\n\n\n<p>F\u00fcllen Sie das Formular aus, um ein Preventivo anzufordern.  <br>Sie werden in K\u00fcrze eine Antwort von unseren Mitarbeitern erhalten.<\/p>\n\n\n\n<div class=\"wp-block-buttons is-layout-flex wp-block-buttons-is-layout-flex\">\n<div class=\"wp-block-button is-style-link\"><a class=\"wp-block-button__link wp-element-button\" href=\"https:\/\/www.berti.net\/de\/ein-preventivo-anfordern\/\">JETZT BEWERBEN<\/a><\/div>\n<\/div>\n<\/div>\n<\/div><\/div>\n","protected":false},"excerpt":{"rendered":"<p>Download-Bereich In diesem Bereich finden Sie alle Ressourcen, die Sie ben\u00f6tigen, um mehr \u00fcber die Welt der Berti-B\u00f6den zu erfahren. Kataloge, technische Datenbl\u00e4tter, Verlegeanleitungen und Informationsmaterial stehen zu Ihrer Verf\u00fcgung, um Ihnen bei der Auswahl der idealen L\u00f6sung zu helfen und jedes Detail unserer Produkte kennen zu lernen. Laden Sie die Dokumente herunter, die Sie ben\u00f6tigen, und entdecken Sie die [&hellip;]<\/p>\n","protected":false},"author":2,"featured_media":0,"parent":0,"menu_order":0,"comment_status":"closed","ping_status":"closed","template":"","meta":{"footnotes":""},"class_list":["post-22244","page","type-page","status-publish","hentry"],"_links":{"self":[{"href":"https:\/\/berti.net\/de\/wp-json\/wp\/v2\/pages\/22244","targetHints":{"allow":["GET"]}}],"collection":[{"href":"https:\/\/berti.net\/de\/wp-json\/wp\/v2\/pages"}],"about":[{"href":"https:\/\/berti.net\/de\/wp-json\/wp\/v2\/types\/page"}],"author":[{"embeddable":true,"href":"https:\/\/berti.net\/de\/wp-json\/wp\/v2\/users\/2"}],"replies":[{"embeddable":true,"href":"https:\/\/berti.net\/de\/wp-json\/wp\/v2\/comments?post=22244"}],"version-history":[{"count":5,"href":"https:\/\/berti.net\/de\/wp-json\/wp\/v2\/pages\/22244\/revisions"}],"predecessor-version":[{"id":25211,"href":"https:\/\/berti.net\/de\/wp-json\/wp\/v2\/pages\/22244\/revisions\/25211"}],"wp:attachment":[{"href":"https:\/\/berti.net\/de\/wp-json\/wp\/v2\/media?parent=22244"}],"curies":[{"name":"wp","href":"https:\/\/api.w.org\/{rel}","templated":true}]}}